{"id":2813,"date":"2026-01-14T16:15:05","date_gmt":"2026-01-14T19:15:05","guid":{"rendered":"https:\/\/reidastelhas.com.br\/loja\/?post_type=product&#038;p=2813"},"modified":"2026-01-14T16:19:37","modified_gmt":"2026-01-14T19:19:37","slug":"grelha-moeda-com-ponteira-60-x-50","status":"publish","type":"product","link":"https:\/\/reidastelhas.com.br\/loja\/produto\/grelha-moeda-com-ponteira-60-x-50\/","title":{"rendered":"GRELHA MOEDA COM PONTEIRA 60 X 50"},"content":{"rendered":"<p class=\"_aupe copyable-text x15bjb6t x1n2onr6\"><span class=\"_aupe copyable-text xkrh14z\">A Grelha Moeda Inox 70&#215;60 cm foi desenvolvida para quem busca m\u00e1ximo espa\u00e7o, resist\u00eancia e durabilidade no churrasco. Fabricada em a\u00e7o inox 430, conta com tela refor\u00e7ada de 1,5mm, oferecendo muito mais rigidez, seguran\u00e7a e vida \u00fatil superior \u00e0s grelhas convencionais.<\/span><\/p>\n<p class=\"_aupe copyable-text x15bjb6t x1n2onr6\"><span class=\"_aupe copyable-text xkrh14z\">Seu sistema de ponteiras laterais permite encaixe perfeito em churrasqueiras de alvenaria, suportes de vidro, churrasqueiras port\u00e1teis e qualquer tipo de suporte para grelha.<\/span><\/p>\n<p class=\"_aupe copyable-text x15bjb6t x1n2onr6\"><strong><span class=\"_aupe copyable-text xkrh14z\">Principais Benef\u00edcios<\/span><\/strong><\/p>\n<p class=\"_aupe copyable-text x15bjb6t x1n2onr6\"><span class=\"x19la9d6 x1fc57z9 x6ikm8r x10wlt62 x19co3pv x11tp94h xfibh0p xiy17q3 x1xsqp64 x1lkfr7t xexx8yu xyri2b x18d9i69 x1c1uobl\"><span class=\"xrtxmta x1bhl96m\">\u2714<\/span><\/span><span class=\"_aupe copyable-text xkrh14z\"> Tela grossa de 1,5mm \u2013 n\u00e3o empena e n\u00e3o deforma<\/span><\/p>\n<p class=\"_aupe copyable-text x15bjb6t x1n2onr6\"><span class=\"x19la9d6 x1fc57z9 x6ikm8r x10wlt62 x19co3pv x11tp94h xfibh0p xiy17q3 x1xsqp64 x1lkfr7t xexx8yu xyri2b x18d9i69 x1c1uobl\"><span class=\"xrtxmta x1bhl96m\">\u2714<\/span><\/span><span class=\"_aupe copyable-text xkrh14z\"> Estrutura 100% em inox 430 \u2013 n\u00e3o enferruja<\/span><\/p>\n<p class=\"_aupe copyable-text x15bjb6t x1n2onr6\"><span class=\"x19la9d6 x1fc57z9 x6ikm8r x10wlt62 x19co3pv x11tp94h xfibh0p xiy17q3 x1xsqp64 x1lkfr7t xexx8yu xyri2b x18d9i69 x1c1uobl\"><span class=\"xrtxmta x1bhl96m\">\u2714<\/span><\/span><span class=\"_aupe copyable-text xkrh14z\"> Modelo moeda \u2013 ideal para carnes, aves, lingui\u00e7as, p\u00e3o, legumes e muito mais<\/span><\/p>\n<p class=\"_aupe copyable-text x15bjb6t x1n2onr6\"><span class=\"x19la9d6 x1fc57z9 x6ikm8r x10wlt62 x19co3pv x11tp94h xfibh0p xiy17q3 x1xsqp64 x1lkfr7t xexx8yu xyri2b x18d9i69 x1c1uobl\"><span class=\"xrtxmta x1bhl96m\">\u2714<\/span><\/span><span class=\"_aupe copyable-text xkrh14z\"> Ponteiras de apoio \u2013 encaixe perfeito em churrasqueiras de alvenaria<\/span><\/p>\n<p class=\"_aupe copyable-text x15bjb6t x1n2onr6\"><span class=\"x19la9d6 x1fc57z9 x6ikm8r x10wlt62 x19co3pv x11tp94h xfibh0p xiy17q3 x1xsqp64 x1lkfr7t xexx8yu xyri2b x18d9i69 x1c1uobl\"><span class=\"xrtxmta x1bhl96m\">\u2714<\/span><\/span><span class=\"_aupe copyable-text xkrh14z\"> Cabos t\u00e9rmicos em madeira revestida de alum\u00ednio \u2013 n\u00e3o aquecem<\/span><\/p>\n<p class=\"_aupe copyable-text x15bjb6t x1n2onr6\"><span class=\"x19la9d6 x1fc57z9 x6ikm8r x10wlt62 x19co3pv x11tp94h xfibh0p xiy17q3 x1xsqp64 x1lkfr7t xexx8yu xyri2b x18d9i69 x1c1uobl\"><span class=\"xrtxmta x1bhl96m\">\u2714<\/span><\/span><span class=\"_aupe copyable-text xkrh14z\"> Pode ser usada para assar ou para descanso dos alimentos<\/span><\/p>\n<p class=\"_aupe copyable-text x15bjb6t x1n2onr6\"><strong><span class=\"_aupe copyable-text xkrh14z\">Material<br \/>\n<\/span><\/strong><span class=\"_aupe copyable-text xkrh14z\">Tela e estrutura: A\u00e7o Inox 430<br \/>\n<\/span><span class=\"_aupe copyable-text xkrh14z\">Espessura da tela: 1,5 mm<br \/>\n<\/span><span class=\"_aupe copyable-text xkrh14z\">Cabos: Madeira com revestimento de alum\u00ednio (t\u00e9rmico)<\/span><\/p>\n<p class=\"_aupe copyable-text x15bjb6t x1n2onr6\"><strong><span class=\"_aupe copyable-text xkrh14z\">Compatibilidade<br \/>\n<\/span><\/strong><span class=\"_aupe copyable-text xkrh14z\">Churrasqueiras de alvenaria<br \/>\n<\/span><span class=\"_aupe copyable-text xkrh14z\">Suportes de vidro<br \/>\n<\/span><span class=\"_aupe copyable-text xkrh14z\">Churrasqueiras port\u00e1teis<br \/>\n<\/span><span class=\"_aupe copyable-text xkrh14z\">Estruturas met\u00e1licas e suportes de grelha<\/span><\/p>\n","protected":false},"excerpt":{"rendered":"<p><strong><span class=\"_aupe copyable-text xkrh14z\">Dimens\u00f5es<br \/>\n<\/span><\/strong><span class=\"_aupe copyable-text xkrh14z\">Largura: 60 cm<br \/>\n<\/span><span class=\"_aupe copyable-text xkrh14z\">\u00c1rea \u00fatil (profundidade): 50 cm<br \/>\n<\/span><span class=\"_aupe copyable-text xkrh14z\">Cabo: 15 cm<br \/>\n<\/span><span class=\"_aupe copyable-text xkrh14z\">Ponteira: 5 cm<br \/>\n<\/span><span class=\"_aupe copyable-text xkrh14z\">Profundidade total: 70 cm<\/span><\/p>\n","protected":false},"featured_media":2814,"template":"","meta":{"_joinchat":[]},"product_brand":[224],"product_cat":[40],"product_tag":[],"class_list":{"0":"post-2813","1":"product","2":"type-product","3":"status-publish","4":"has-post-thumbnail","6":"product_brand-laurindos","7":"product_cat-grelhas","9":"first","10":"instock","11":"shipping-taxable","12":"purchasable","13":"product-type-simple"},"_links":{"self":[{"href":"https:\/\/reidastelhas.com.br\/loja\/wp-json\/wp\/v2\/product\/2813","targetHints":{"allow":["GET"]}}],"collection":[{"href":"https:\/\/reidastelhas.com.br\/loja\/wp-json\/wp\/v2\/product"}],"about":[{"href":"https:\/\/reidastelhas.com.br\/loja\/wp-json\/wp\/v2\/types\/product"}],"wp:featuredmedia":[{"embeddable":true,"href":"https:\/\/reidastelhas.com.br\/loja\/wp-json\/wp\/v2\/media\/2814"}],"wp:attachment":[{"href":"https:\/\/reidastelhas.com.br\/loja\/wp-json\/wp\/v2\/media?parent=2813"}],"wp:term":[{"taxonomy":"product_brand","embeddable":true,"href":"https:\/\/reidastelhas.com.br\/loja\/wp-json\/wp\/v2\/product_brand?post=2813"},{"taxonomy":"product_cat","embeddable":true,"href":"https:\/\/reidastelhas.com.br\/loja\/wp-json\/wp\/v2\/product_cat?post=2813"},{"taxonomy":"product_tag","embeddable":true,"href":"https:\/\/reidastelhas.com.br\/loja\/wp-json\/wp\/v2\/product_tag?post=2813"}],"curies":[{"name":"wp","href":"https:\/\/api.w.org\/{rel}","templated":true}]}}