{"id":2816,"date":"2026-01-14T16:33:59","date_gmt":"2026-01-14T19:33:59","guid":{"rendered":"https:\/\/reidastelhas.com.br\/loja\/?post_type=product&#038;p=2816"},"modified":"2026-01-14T16:33:59","modified_gmt":"2026-01-14T19:33:59","slug":"grelha-moeda-46x35","status":"publish","type":"product","link":"https:\/\/reidastelhas.com.br\/loja\/produto\/grelha-moeda-46x35\/","title":{"rendered":"GRELHA MOEDA 46X35"},"content":{"rendered":"<p class=\"_aupe copyable-text x15bjb6t x1n2onr6\"><span class=\"_aupe copyable-text xkrh14z\">A Grelha Moeda Inox 46&#215;35 cm \u00e9 ideal para quem busca praticidade, resist\u00eancia e alto desempenho no churrasco. Fabricada em a\u00e7o inox 430, possui tela refor\u00e7ada de 1,5mm, garantindo muito mais durabilidade, rigidez e seguran\u00e7a no preparo dos alimentos.<\/span><\/p>\n<p class=\"_aupe copyable-text x15bjb6t x1n2onr6\"><span class=\"_aupe copyable-text xkrh14z\">Seu formato compacto com cabo t\u00e9rmico torna esta grelha perfeita para churrasqueiras residenciais, port\u00e1teis e de apoio.<\/span><\/p>\n<p class=\"_aupe copyable-text x15bjb6t x1n2onr6\"><strong><span class=\"_aupe copyable-text xkrh14z\">Principais Benef\u00edcios<\/span><\/strong><\/p>\n<p class=\"_aupe copyable-text x15bjb6t x1n2onr6\"><span class=\"x19la9d6 x1fc57z9 x6ikm8r x10wlt62 x19co3pv x11tp94h xfibh0p xiy17q3 x1xsqp64 x1lkfr7t xexx8yu xyri2b x18d9i69 x1c1uobl\"><span class=\"xrtxmta x1bhl96m\">\u2714<\/span><\/span><span class=\"_aupe copyable-text xkrh14z\"> Tela grossa de 1,5mm \u2013 n\u00e3o empena e suporta altas temperaturas<\/span><\/p>\n<p class=\"_aupe copyable-text x15bjb6t x1n2onr6\"><span class=\"x19la9d6 x1fc57z9 x6ikm8r x10wlt62 x19co3pv x11tp94h xfibh0p xiy17q3 x1xsqp64 x1lkfr7t xexx8yu xyri2b x18d9i69 x1c1uobl\"><span class=\"xrtxmta x1bhl96m\">\u2714<\/span><\/span><span class=\"_aupe copyable-text xkrh14z\"> Estrutura 100% em inox 430 \u2013 n\u00e3o enferruja<\/span><\/p>\n<p class=\"_aupe copyable-text x15bjb6t x1n2onr6\"><span class=\"x19la9d6 x1fc57z9 x6ikm8r x10wlt62 x19co3pv x11tp94h xfibh0p xiy17q3 x1xsqp64 x1lkfr7t xexx8yu xyri2b x18d9i69 x1c1uobl\"><span class=\"xrtxmta x1bhl96m\">\u2714<\/span><\/span><span class=\"_aupe copyable-text xkrh14z\"> Modelo moeda \u2013 ideal para carnes, aves, lingui\u00e7as, p\u00e3o, legumes e muito mais<\/span><\/p>\n<p class=\"_aupe copyable-text x15bjb6t x1n2onr6\"><span class=\"x19la9d6 x1fc57z9 x6ikm8r x10wlt62 x19co3pv x11tp94h xfibh0p xiy17q3 x1xsqp64 x1lkfr7t xexx8yu xyri2b x18d9i69 x1c1uobl\"><span class=\"xrtxmta x1bhl96m\">\u2714<\/span><\/span><span class=\"_aupe copyable-text xkrh14z\"> Cabos t\u00e9rmicos em madeira revestida de alum\u00ednio \u2013 n\u00e3o aquecem<\/span><\/p>\n<p class=\"_aupe copyable-text x15bjb6t x1n2onr6\"><span class=\"x19la9d6 x1fc57z9 x6ikm8r x10wlt62 x19co3pv x11tp94h xfibh0p xiy17q3 x1xsqp64 x1lkfr7t xexx8yu xyri2b x18d9i69 x1c1uobl\"><span class=\"xrtxmta x1bhl96m\">\u2714<\/span><\/span><span class=\"_aupe copyable-text xkrh14z\"> Pode ser usada para assar ou para descanso dos alimentos<\/span><\/p>\n<p class=\"_aupe copyable-text x15bjb6t x1n2onr6\"><strong><span class=\"_aupe copyable-text xkrh14z\">Material<\/span><\/strong><\/p>\n<p class=\"_aupe copyable-text x15bjb6t x1n2onr6\"><span class=\"_aupe copyable-text xkrh14z\">Tela e estrutura: A\u00e7o Inox 430<br \/>\n<\/span><span class=\"_aupe copyable-text xkrh14z\">Espessura da tela: 1,5 mm<br \/>\n<\/span><span class=\"_aupe copyable-text xkrh14z\">Cabos: Madeira com revestimento de alum\u00ednio (t\u00e9rmico)<\/span><\/p>\n","protected":false},"excerpt":{"rendered":"<p class=\"_aupe copyable-text x15bjb6t x1n2onr6\"><strong><span class=\"_aupe copyable-text xkrh14z\">Dimens\u00f5es<br \/>\n<\/span><\/strong><span class=\"_aupe copyable-text xkrh14z\">Largura: 46 cm (varia\u00e7\u00e3o de at\u00e9 0,5 cm)<br \/>\n<\/span><span class=\"_aupe copyable-text xkrh14z\">\u00c1rea \u00fatil (profundidade): 35 cm<br \/>\n<\/span><span class=\"_aupe copyable-text xkrh14z\">Cabo: 15 cm<br \/>\n<\/span><span class=\"_aupe copyable-text xkrh14z\">Profundidade total: 50 cm<\/span><\/p>\n","protected":false},"featured_media":2817,"template":"","meta":{"_joinchat":[]},"product_brand":[224],"product_cat":[40],"product_tag":[],"class_list":{"0":"post-2816","1":"product","2":"type-product","3":"status-publish","4":"has-post-thumbnail","6":"product_brand-laurindos","7":"product_cat-grelhas","9":"first","10":"instock","11":"shipping-taxable","12":"purchasable","13":"product-type-simple"},"_links":{"self":[{"href":"https:\/\/reidastelhas.com.br\/loja\/wp-json\/wp\/v2\/product\/2816","targetHints":{"allow":["GET"]}}],"collection":[{"href":"https:\/\/reidastelhas.com.br\/loja\/wp-json\/wp\/v2\/product"}],"about":[{"href":"https:\/\/reidastelhas.com.br\/loja\/wp-json\/wp\/v2\/types\/product"}],"wp:featuredmedia":[{"embeddable":true,"href":"https:\/\/reidastelhas.com.br\/loja\/wp-json\/wp\/v2\/media\/2817"}],"wp:attachment":[{"href":"https:\/\/reidastelhas.com.br\/loja\/wp-json\/wp\/v2\/media?parent=2816"}],"wp:term":[{"taxonomy":"product_brand","embeddable":true,"href":"https:\/\/reidastelhas.com.br\/loja\/wp-json\/wp\/v2\/product_brand?post=2816"},{"taxonomy":"product_cat","embeddable":true,"href":"https:\/\/reidastelhas.com.br\/loja\/wp-json\/wp\/v2\/product_cat?post=2816"},{"taxonomy":"product_tag","embeddable":true,"href":"https:\/\/reidastelhas.com.br\/loja\/wp-json\/wp\/v2\/product_tag?post=2816"}],"curies":[{"name":"wp","href":"https:\/\/api.w.org\/{rel}","templated":true}]}}