{"id":2835,"date":"2026-01-15T16:24:13","date_gmt":"2026-01-15T19:24:13","guid":{"rendered":"https:\/\/reidastelhas.com.br\/loja\/?post_type=product&#038;p=2835"},"modified":"2026-01-15T16:41:34","modified_gmt":"2026-01-15T19:41:34","slug":"grelha-moeda-84cm-gaucha-74x53","status":"publish","type":"product","link":"https:\/\/reidastelhas.com.br\/loja\/produto\/grelha-moeda-84cm-gaucha-74x53\/","title":{"rendered":"GRELHA MOEDA 1000CM 90X53"},"content":{"rendered":"<p class=\"_aupe copyable-text x15bjb6t x1n2onr6\"><span class=\"_aupe copyable-text xkrh14z\">A Grelha Moeda Inox 74 x 52,5 cm foi desenvolvida para quem busca m\u00e1xima \u00e1rea \u00fatil, resist\u00eancia e alto desempenho no churrasco. Produzida em a\u00e7o inox 430, conta com tela refor\u00e7ada de 1,5mm, garantindo muito mais durabilidade, rigidez e seguran\u00e7a no preparo dos alimentos.<\/span><\/p>\n<p class=\"_aupe copyable-text x15bjb6t x1n2onr6\"><span class=\"_aupe copyable-text xkrh14z\">Seu formato com cabo t\u00e9rmico premium oferece praticidade e conforto durante o uso, sendo ideal para churrasqueiras residenciais, port\u00e1teis e de apoio.<\/span><\/p>\n<p class=\"_aupe copyable-text x15bjb6t x1n2onr6\"><strong><span class=\"_aupe copyable-text xkrh14z\">Principais Benef\u00edcios<\/span><\/strong><\/p>\n<p class=\"_aupe copyable-text x15bjb6t x1n2onr6\"><span class=\"_aupe copyable-text xkrh14z\">Tela grossa de 1,5mm, n\u00e3o empena e suporta altas temperaturas<\/span><\/p>\n<p class=\"_aupe copyable-text x15bjb6t x1n2onr6\"><span class=\"_aupe copyable-text xkrh14z\">Estrutura 100% em inox 430, n\u00e3o enferruja<\/span><\/p>\n<p class=\"_aupe copyable-text x15bjb6t x1n2onr6\"><span class=\"_aupe copyable-text xkrh14z\">Modelo moeda, ideal para carnes, aves, lingui\u00e7as, p\u00e3o, legumes e muito mais<\/span><\/p>\n<p class=\"_aupe copyable-text x15bjb6t x1n2onr6\"><span class=\"_aupe copyable-text xkrh14z\">Cabos t\u00e9rmicos em madeira revestida de alum\u00ednio, n\u00e3o aquecem<\/span><\/p>\n<p class=\"_aupe copyable-text x15bjb6t x1n2onr6\"><span class=\"_aupe copyable-text xkrh14z\">Pode ser usada para assar ou para descanso dos alimentos<\/span><\/p>\n<p class=\"_aupe copyable-text x15bjb6t x1n2onr6\"><strong><span class=\"_aupe copyable-text xkrh14z\">Material<\/span><\/strong><\/p>\n<p class=\"_aupe copyable-text x15bjb6t x1n2onr6\"><span class=\"_aupe copyable-text xkrh14z\">Tela e estrutura: A\u00e7o Inox 430<\/span><\/p>\n<p class=\"_aupe copyable-text x15bjb6t x1n2onr6\"><span class=\"_aupe copyable-text xkrh14z\">Espessura da tela: 1,5 mm<\/span><\/p>\n<p class=\"_aupe copyable-text x15bjb6t x1n2onr6\"><span class=\"_aupe copyable-text xkrh14z\">Cabos: Madeira com revestimento em alum\u00ednio (t\u00e9rmico)<\/span><\/p>\n","protected":false},"excerpt":{"rendered":"<p>A Grelha Moeda Inox 74 x 52,5 cm foi desenvolvida para quem busca m\u00e1xima \u00e1rea \u00fatil, resist\u00eancia e alto desempenho no churrasco. Produzida em a\u00e7o inox 430, conta com tela refor\u00e7ada de 1,5mm, garantindo muito mais durabilidade, rigidez e seguran\u00e7a no preparo dos alimentos. Seu formato com cabo t\u00e9rmico premium oferece praticidade e conforto durante [&hellip;]<\/p>\n","protected":false},"featured_media":2836,"template":"","meta":{"_joinchat":[]},"product_brand":[224],"product_cat":[40],"product_tag":[],"class_list":{"0":"post-2835","1":"product","2":"type-product","3":"status-publish","4":"has-post-thumbnail","6":"product_brand-laurindos","7":"product_cat-grelhas","9":"first","10":"instock","11":"shipping-taxable","12":"purchasable","13":"product-type-simple"},"_links":{"self":[{"href":"https:\/\/reidastelhas.com.br\/loja\/wp-json\/wp\/v2\/product\/2835","targetHints":{"allow":["GET"]}}],"collection":[{"href":"https:\/\/reidastelhas.com.br\/loja\/wp-json\/wp\/v2\/product"}],"about":[{"href":"https:\/\/reidastelhas.com.br\/loja\/wp-json\/wp\/v2\/types\/product"}],"wp:featuredmedia":[{"embeddable":true,"href":"https:\/\/reidastelhas.com.br\/loja\/wp-json\/wp\/v2\/media\/2836"}],"wp:attachment":[{"href":"https:\/\/reidastelhas.com.br\/loja\/wp-json\/wp\/v2\/media?parent=2835"}],"wp:term":[{"taxonomy":"product_brand","embeddable":true,"href":"https:\/\/reidastelhas.com.br\/loja\/wp-json\/wp\/v2\/product_brand?post=2835"},{"taxonomy":"product_cat","embeddable":true,"href":"https:\/\/reidastelhas.com.br\/loja\/wp-json\/wp\/v2\/product_cat?post=2835"},{"taxonomy":"product_tag","embeddable":true,"href":"https:\/\/reidastelhas.com.br\/loja\/wp-json\/wp\/v2\/product_tag?post=2835"}],"curies":[{"name":"wp","href":"https:\/\/api.w.org\/{rel}","templated":true}]}}