{"id":2841,"date":"2026-01-23T16:20:37","date_gmt":"2026-01-23T19:20:37","guid":{"rendered":"https:\/\/reidastelhas.com.br\/loja\/?post_type=product&#038;p=2841"},"modified":"2026-01-23T16:20:38","modified_gmt":"2026-01-23T19:20:38","slug":"fogao-natural-invertido-com-forno-e-tampa-de-vidro-176x143","status":"publish","type":"product","link":"https:\/\/reidastelhas.com.br\/loja\/produto\/fogao-natural-invertido-com-forno-e-tampa-de-vidro-176x143\/","title":{"rendered":"Fog\u00e3o Natural Invertido com Forno e Tampa de Vidro 176&#215;143"},"content":{"rendered":"<p class=\"_aupe copyable-text x15bjb6t x1n2onr6\"><span class=\"_aupe copyable-text xkrh14z\">O Fog\u00e3o Natural Invertido com Forno e Tampa de Vidro\u00a0\u00e9 a escolha ideal para quem busca efici\u00eancia, robustez e sofistica\u00e7\u00e3o em um \u00fanico produto. Produzido em concreto armado revestido, ele garante alta durabilidade, excelente reten\u00e7\u00e3o de calor e um design moderno que valoriza qualquer ambiente, seja \u00e1rea gourmet, cozinha r\u00fastica ou espa\u00e7o externo.<\/span><\/p>\n<p class=\"_aupe copyable-text x15bjb6t x1n2onr6\"><span class=\"_aupe copyable-text xkrh14z\">Projetado para oferecer desempenho superior no preparo de alimentos, o fog\u00e3o conta com forno espa\u00e7oso, chapa ampla e sistema invertido que otimiza a circula\u00e7\u00e3o do calor, proporcionando cozimento uniforme e economia de lenha.<\/span><\/p>\n<p class=\"_aupe copyable-text x15bjb6t x1n2onr6\"><strong><span class=\"_aupe copyable-text xkrh14z\">Diferenciais do Produto<\/span><\/strong><\/p>\n<p class=\"_aupe copyable-text x15bjb6t x1n2onr6\"><span class=\"_aupe copyable-text xkrh14z\">Fog\u00e3o a lenha com qualidade garantida<\/span><\/p>\n<p class=\"_aupe copyable-text x15bjb6t x1n2onr6\"><span class=\"_aupe copyable-text xkrh14z\">Estrutura em concreto armado revestido<\/span><\/p>\n<p class=\"_aupe copyable-text x15bjb6t x1n2onr6\"><span class=\"_aupe copyable-text xkrh14z\">Forno integrado com excelente desempenho t\u00e9rmico<\/span><\/p>\n<p class=\"_aupe copyable-text x15bjb6t x1n2onr6\"><span class=\"_aupe copyable-text xkrh14z\">Tampa de vidro, agregando praticidade e eleg\u00e2ncia<\/span><\/p>\n<p class=\"_aupe copyable-text x15bjb6t x1n2onr6\"><span class=\"_aupe copyable-text xkrh14z\">Design funcional, moderno e robusto<\/span><\/p>\n<p class=\"_aupe copyable-text x15bjb6t x1n2onr6\"><span class=\"_aupe copyable-text xkrh14z\">Indicado para uso residencial, \u00e1reas gourmet, s\u00edtios e ch\u00e1caras<\/span><\/p>\n<p class=\"_aupe copyable-text x15bjb6t x1n2onr6\"><strong><span class=\"_aupe copyable-text xkrh14z\">Medidas<\/span><\/strong><\/p>\n<p class=\"_aupe copyable-text x15bjb6t x1n2onr6\"><span class=\"_aupe copyable-text xkrh14z\">Altura total: 143 cm<\/span><\/p>\n<p class=\"_aupe copyable-text x15bjb6t x1n2onr6\"><span class=\"_aupe copyable-text xkrh14z\">Comprimento total: 176 cm<\/span><\/p>\n<p class=\"_aupe copyable-text x15bjb6t x1n2onr6\"><span class=\"_aupe copyable-text xkrh14z\">Profundidade: 66 cm<\/span><\/p>\n<p class=\"_aupe copyable-text x15bjb6t x1n2onr6\"><span class=\"_aupe copyable-text xkrh14z\">Comprimento do fog\u00e3o: 136 cm<\/span><\/p>\n<p class=\"_aupe copyable-text x15bjb6t x1n2onr6\"><span class=\"_aupe copyable-text xkrh14z\">Altura at\u00e9 o forno: 105 cm<\/span><\/p>\n<p class=\"_aupe copyable-text x15bjb6t x1n2onr6\"><span class=\"_aupe copyable-text xkrh14z\">Altura at\u00e9 a chapa: 85 cm<\/span><\/p>\n<p class=\"_aupe copyable-text x15bjb6t x1n2onr6\"><span class=\"_aupe copyable-text xkrh14z\">Comprimento da \u00e1rea do forno: 73 cm<\/span><\/p>\n<p class=\"_aupe copyable-text x15bjb6t x1n2onr6\"><span class=\"_aupe copyable-text xkrh14z\">Descanso da lenha: 40 cm<\/span><\/p>\n<p class=\"_aupe copyable-text x15bjb6t x1n2onr6\"><span class=\"_aupe copyable-text xkrh14z\">Chamin\u00e9: 38 cm<\/span><\/p>\n<p class=\"_aupe copyable-text x15bjb6t x1n2onr6\"><span class=\"_aupe copyable-text xkrh14z\">Medidas da chapa: 69 x 49 cm<\/span><\/p>\n","protected":false},"excerpt":{"rendered":"<p>O Fog\u00e3o Natural Invertido com Forno e Tampa de Vidro\u00a0\u00e9 a escolha ideal para quem busca efici\u00eancia, robustez e sofistica\u00e7\u00e3o em um \u00fanico produto. Produzido em concreto armado revestido, ele garante alta durabilidade, excelente reten\u00e7\u00e3o de calor e um design moderno que valoriza qualquer ambiente, seja \u00e1rea gourmet, cozinha r\u00fastica ou espa\u00e7o externo. Projetado para [&hellip;]<\/p>\n","protected":false},"featured_media":2845,"template":"","meta":{"_joinchat":[]},"product_brand":[224],"product_cat":[29],"product_tag":[],"class_list":{"0":"post-2841","1":"product","2":"type-product","3":"status-publish","4":"has-post-thumbnail","6":"product_brand-laurindos","7":"product_cat-kit-pre-moldados","9":"first","10":"instock","11":"shipping-taxable","12":"purchasable","13":"product-type-simple"},"_links":{"self":[{"href":"https:\/\/reidastelhas.com.br\/loja\/wp-json\/wp\/v2\/product\/2841","targetHints":{"allow":["GET"]}}],"collection":[{"href":"https:\/\/reidastelhas.com.br\/loja\/wp-json\/wp\/v2\/product"}],"about":[{"href":"https:\/\/reidastelhas.com.br\/loja\/wp-json\/wp\/v2\/types\/product"}],"wp:featuredmedia":[{"embeddable":true,"href":"https:\/\/reidastelhas.com.br\/loja\/wp-json\/wp\/v2\/media\/2845"}],"wp:attachment":[{"href":"https:\/\/reidastelhas.com.br\/loja\/wp-json\/wp\/v2\/media?parent=2841"}],"wp:term":[{"taxonomy":"product_brand","embeddable":true,"href":"https:\/\/reidastelhas.com.br\/loja\/wp-json\/wp\/v2\/product_brand?post=2841"},{"taxonomy":"product_cat","embeddable":true,"href":"https:\/\/reidastelhas.com.br\/loja\/wp-json\/wp\/v2\/product_cat?post=2841"},{"taxonomy":"product_tag","embeddable":true,"href":"https:\/\/reidastelhas.com.br\/loja\/wp-json\/wp\/v2\/product_tag?post=2841"}],"curies":[{"name":"wp","href":"https:\/\/api.w.org\/{rel}","templated":true}]}}