{"id":2868,"date":"2026-01-23T17:48:26","date_gmt":"2026-01-23T20:48:26","guid":{"rendered":"https:\/\/reidastelhas.com.br\/loja\/?post_type=product&#038;p=2868"},"modified":"2026-01-24T09:54:26","modified_gmt":"2026-01-24T12:54:26","slug":"fogao-natural-sem-forno-170x143","status":"publish","type":"product","link":"https:\/\/reidastelhas.com.br\/loja\/produto\/fogao-natural-sem-forno-170x143\/","title":{"rendered":"FOG\u00c3O NATURAL SEM FORNO"},"content":{"rendered":"<p>Fog\u00e3o a lenha natural, sem forno, fabricado em concreto armado revestido, garantindo alta durabilidade, excelente reten\u00e7\u00e3o de calor e desempenho eficiente no preparo dos alimentos. Ideal para quem busca praticidade, robustez e um visual r\u00fastico para cozinhas e \u00e1reas gourmet.<\/p>\n","protected":false},"excerpt":{"rendered":"<p><strong>Medidas<\/strong><\/p>\n<p>Altura total: 170 cm<\/p>\n<p>Largura total: 142 cm<\/p>\n<p>Comprimento do fog\u00e3o: 143 cm<\/p>\n<p>Altura at\u00e9 a chapa: 87 cm<\/p>\n<p>Descanso da lenha: 40 cm<\/p>\n<p>Comprimento da chapa: 69 cm<\/p>\n","protected":false},"featured_media":2873,"template":"","meta":{"_joinchat":[]},"product_brand":[224],"product_cat":[29],"product_tag":[],"class_list":{"0":"post-2868","1":"product","2":"type-product","3":"status-publish","4":"has-post-thumbnail","6":"product_brand-laurindos","7":"product_cat-kit-pre-moldados","9":"first","10":"instock","11":"shipping-taxable","12":"purchasable","13":"product-type-simple"},"_links":{"self":[{"href":"https:\/\/reidastelhas.com.br\/loja\/wp-json\/wp\/v2\/product\/2868","targetHints":{"allow":["GET"]}}],"collection":[{"href":"https:\/\/reidastelhas.com.br\/loja\/wp-json\/wp\/v2\/product"}],"about":[{"href":"https:\/\/reidastelhas.com.br\/loja\/wp-json\/wp\/v2\/types\/product"}],"wp:featuredmedia":[{"embeddable":true,"href":"https:\/\/reidastelhas.com.br\/loja\/wp-json\/wp\/v2\/media\/2873"}],"wp:attachment":[{"href":"https:\/\/reidastelhas.com.br\/loja\/wp-json\/wp\/v2\/media?parent=2868"}],"wp:term":[{"taxonomy":"product_brand","embeddable":true,"href":"https:\/\/reidastelhas.com.br\/loja\/wp-json\/wp\/v2\/product_brand?post=2868"},{"taxonomy":"product_cat","embeddable":true,"href":"https:\/\/reidastelhas.com.br\/loja\/wp-json\/wp\/v2\/product_cat?post=2868"},{"taxonomy":"product_tag","embeddable":true,"href":"https:\/\/reidastelhas.com.br\/loja\/wp-json\/wp\/v2\/product_tag?post=2868"}],"curies":[{"name":"wp","href":"https:\/\/api.w.org\/{rel}","templated":true}]}}