{"id":2894,"date":"2026-01-24T09:42:41","date_gmt":"2026-01-24T12:42:41","guid":{"rendered":"https:\/\/reidastelhas.com.br\/loja\/?post_type=product&#038;p=2894"},"modified":"2026-01-24T09:55:31","modified_gmt":"2026-01-24T12:55:31","slug":"fogao-gaucho-tijolinho","status":"publish","type":"product","link":"https:\/\/reidastelhas.com.br\/loja\/produto\/fogao-gaucho-tijolinho\/","title":{"rendered":"FOG\u00c3O GAUCHO DE TIJOLINHO"},"content":{"rendered":"<p>O Fog\u00e3o Ga\u00facho Tijolinho a Lenha \u00e9 a escolha ideal para quem busca tradi\u00e7\u00e3o, robustez e efici\u00eancia no preparo dos alimentos.<\/p>\n<p>Produzido em concreto armado revestido, oferece alta durabilidade, excelente reten\u00e7\u00e3o de calor e \u00f3timo desempenho t\u00e9rmico<strong>.<\/strong><\/p>\n","protected":false},"excerpt":{"rendered":"<p>O Fog\u00e3o Ga\u00facho Tijolinho a Lenha \u00e9 a escolha ideal para quem busca tradi\u00e7\u00e3o, robustez e efici\u00eancia no preparo dos alimentos. Produzido em concreto armado revestido, oferece alta durabilidade, excelente reten\u00e7\u00e3o de calor e \u00f3timo desempenho t\u00e9rmico.<\/p>\n","protected":false},"featured_media":2896,"template":"","meta":{"_joinchat":[]},"product_brand":[],"product_cat":[29],"product_tag":[],"class_list":{"0":"post-2894","1":"product","2":"type-product","3":"status-publish","4":"has-post-thumbnail","6":"product_cat-kit-pre-moldados","8":"first","9":"instock","10":"shipping-taxable","11":"purchasable","12":"product-type-variable"},"_links":{"self":[{"href":"https:\/\/reidastelhas.com.br\/loja\/wp-json\/wp\/v2\/product\/2894","targetHints":{"allow":["GET"]}}],"collection":[{"href":"https:\/\/reidastelhas.com.br\/loja\/wp-json\/wp\/v2\/product"}],"about":[{"href":"https:\/\/reidastelhas.com.br\/loja\/wp-json\/wp\/v2\/types\/product"}],"wp:featuredmedia":[{"embeddable":true,"href":"https:\/\/reidastelhas.com.br\/loja\/wp-json\/wp\/v2\/media\/2896"}],"wp:attachment":[{"href":"https:\/\/reidastelhas.com.br\/loja\/wp-json\/wp\/v2\/media?parent=2894"}],"wp:term":[{"taxonomy":"product_brand","embeddable":true,"href":"https:\/\/reidastelhas.com.br\/loja\/wp-json\/wp\/v2\/product_brand?post=2894"},{"taxonomy":"product_cat","embeddable":true,"href":"https:\/\/reidastelhas.com.br\/loja\/wp-json\/wp\/v2\/product_cat?post=2894"},{"taxonomy":"product_tag","embeddable":true,"href":"https:\/\/reidastelhas.com.br\/loja\/wp-json\/wp\/v2\/product_tag?post=2894"}],"curies":[{"name":"wp","href":"https:\/\/api.w.org\/{rel}","templated":true}]}}