{"id":2913,"date":"2026-01-24T10:03:01","date_gmt":"2026-01-24T13:03:01","guid":{"rendered":"https:\/\/reidastelhas.com.br\/loja\/?post_type=product&#038;p=2913"},"modified":"2026-01-24T10:03:44","modified_gmt":"2026-01-24T13:03:44","slug":"fogao-natural-economico","status":"publish","type":"product","link":"https:\/\/reidastelhas.com.br\/loja\/produto\/fogao-natural-economico\/","title":{"rendered":"FOG\u00c3O NATURAL ECON\u00d4MICO"},"content":{"rendered":"<p class=\"_aupe copyable-text x15bjb6t x1n2onr6\"><span class=\"_aupe copyable-text xkrh14z\">Fog\u00e3o a lenha com chapa<br \/>\n<\/span><span class=\"_aupe copyable-text xkrh14z\">Fabricado em concreto armado<\/span><\/p>\n<p><strong>Medidas<\/strong><\/p>\n<p>Altura total: 202 cm (com chamin\u00e9) \/ 87 cm (sem chamin\u00e9)<\/p>\n<p>Profundidade: 80 cm<\/p>\n<p>Altura at\u00e9 a chapa: 87 cm<\/p>\n<p>Chamin\u00e9: 115 cm (vendida separadamente)<\/p>\n<p>Largura total: 63 cm<\/p>\n<p>Comprimento da chapa: 80 cm<\/p>\n<p class=\"_aupe copyable-text x15bjb6t x1n2onr6\">\n","protected":false},"excerpt":{"rendered":"<p>Fog\u00e3o a lenha com chapa Fabricado em concreto armado Medidas Altura total: 202 cm (com chamin\u00e9) \/ 87 cm (sem chamin\u00e9) Profundidade: 80 cm Altura at\u00e9 a chapa: 87 cm Chamin\u00e9: 115 cm (vendida separadamente) Largura total: 63 cm Comprimento da chapa: 80 cm<\/p>\n","protected":false},"featured_media":2917,"template":"","meta":{"_joinchat":[]},"product_brand":[224],"product_cat":[30],"product_tag":[],"class_list":{"0":"post-2913","1":"product","2":"type-product","3":"status-publish","4":"has-post-thumbnail","6":"product_brand-laurindos","7":"product_cat-fornos-e-fogoes","9":"first","10":"instock","11":"shipping-taxable","12":"purchasable","13":"product-type-simple"},"_links":{"self":[{"href":"https:\/\/reidastelhas.com.br\/loja\/wp-json\/wp\/v2\/product\/2913","targetHints":{"allow":["GET"]}}],"collection":[{"href":"https:\/\/reidastelhas.com.br\/loja\/wp-json\/wp\/v2\/product"}],"about":[{"href":"https:\/\/reidastelhas.com.br\/loja\/wp-json\/wp\/v2\/types\/product"}],"wp:featuredmedia":[{"embeddable":true,"href":"https:\/\/reidastelhas.com.br\/loja\/wp-json\/wp\/v2\/media\/2917"}],"wp:attachment":[{"href":"https:\/\/reidastelhas.com.br\/loja\/wp-json\/wp\/v2\/media?parent=2913"}],"wp:term":[{"taxonomy":"product_brand","embeddable":true,"href":"https:\/\/reidastelhas.com.br\/loja\/wp-json\/wp\/v2\/product_brand?post=2913"},{"taxonomy":"product_cat","embeddable":true,"href":"https:\/\/reidastelhas.com.br\/loja\/wp-json\/wp\/v2\/product_cat?post=2913"},{"taxonomy":"product_tag","embeddable":true,"href":"https:\/\/reidastelhas.com.br\/loja\/wp-json\/wp\/v2\/product_tag?post=2913"}],"curies":[{"name":"wp","href":"https:\/\/api.w.org\/{rel}","templated":true}]}}