{"id":2918,"date":"2026-01-26T14:10:55","date_gmt":"2026-01-26T17:10:55","guid":{"rendered":"https:\/\/reidastelhas.com.br\/loja\/?post_type=product&#038;p=2918"},"modified":"2026-01-26T14:14:17","modified_gmt":"2026-01-26T17:14:17","slug":"hidrofugante","status":"publish","type":"product","link":"https:\/\/reidastelhas.com.br\/loja\/produto\/hidrofugante\/","title":{"rendered":"HIDROFUGANTE"},"content":{"rendered":"<p class=\"_aupe copyable-text x15bjb6t x1n2onr6\"><span class=\"_aupe copyable-text xkrh14z\">Acquastop Hidrofugante \u00e9 um impermeabilizante destinado ao tratamento de superf\u00edcies porosas neutras \u00e0 alcalinas. N\u00e3o forma pel\u00edcula e garante o aspecto natural das superf\u00edcies tratadas. <\/span><\/p>\n<p class=\"_aupe copyable-text x15bjb6t x1n2onr6\"><span class=\"_aupe copyable-text xkrh14z\">Prote\u00e7\u00e3o Hidrofugante: protege contra a a\u00e7\u00e3o agressiva do tempo, do ataque de micro-organismos e bact\u00e9rias causadoras de fungos, musgos e l\u00edquenes. Pode ser usado em ambientes internos e externos e \u00e9 indicado para aplica\u00e7\u00e3o em tijolos, terracota, pedras ornamentais, telhas de cer\u00e2mica e concreto.<\/span><\/p>\n<p class=\"_aupe copyable-text x15bjb6t x1n2onr6\"><span class=\"_aupe copyable-text xkrh14z\">O produto j\u00e1 est\u00e1 pronto para o uso e n\u00e3o pode ser misturado ou dilu\u00eddo com nenhum tipo de solvente. A aplica\u00e7\u00e3o pode ser feita com pincel, rolo, bico pulverizador, por\u00e9m deve ser efetivada de maneira uniforme, sem falhas.<\/span><\/p>\n<p>O per\u00edodo de cura \u00e9 de 24 horas ap\u00f3s a aplica\u00e7\u00e3o.<\/p>\n<p class=\"_aupe copyable-text x15bjb6t x1n2onr6\"><span class=\"_aupe copyable-text xkrh14z\">Em produtos com alta absor\u00e7\u00e3o recomenda-se duas aplica\u00e7\u00f5es.<\/span><\/p>\n<p class=\"_aupe copyable-text x15bjb6t x1n2onr6\"><span class=\"_aupe copyable-text xkrh14z\">Seguran\u00e7a: <\/span><span class=\"_aupe copyable-text xkrh14z\">Produto inflam\u00e1vel! Manusear o produto em local seco e arejado, longe do fogo, fontes de igni\u00e7\u00e3o e n\u00e3o fumar pr\u00f3ximo ao local. Evitar o contato com a pele. No manuseio usar equipamentos de prote\u00e7\u00e3o individual como luvas, \u00f3culos e m\u00e1scara com filtro para prote\u00e7\u00e3o de vapores org\u00e2nicos (vo).<\/span><\/p>\n","protected":false},"excerpt":{"rendered":"<p>Temos a op\u00e7\u00e3o de 900 ml e 5 litros!<\/p>\n<p><strong><span class=\"_aupe copyable-text xkrh14z\">Rendimento: <\/span><\/strong><span class=\"_aupe copyable-text xkrh14z\">1L= 8 a 12 m\u00b2<\/span><\/p>\n<p>&nbsp;<\/p>\n","protected":false},"featured_media":2920,"template":"","meta":{"_joinchat":[]},"product_brand":[242],"product_cat":[45],"product_tag":[],"class_list":{"0":"post-2918","1":"product","2":"type-product","3":"status-publish","4":"has-post-thumbnail","6":"product_brand-quimicer","7":"product_cat-hidrofugante-e-manta-liquida","9":"first","10":"instock","11":"shipping-taxable","12":"purchasable","13":"product-type-variable"},"_links":{"self":[{"href":"https:\/\/reidastelhas.com.br\/loja\/wp-json\/wp\/v2\/product\/2918","targetHints":{"allow":["GET"]}}],"collection":[{"href":"https:\/\/reidastelhas.com.br\/loja\/wp-json\/wp\/v2\/product"}],"about":[{"href":"https:\/\/reidastelhas.com.br\/loja\/wp-json\/wp\/v2\/types\/product"}],"wp:featuredmedia":[{"embeddable":true,"href":"https:\/\/reidastelhas.com.br\/loja\/wp-json\/wp\/v2\/media\/2920"}],"wp:attachment":[{"href":"https:\/\/reidastelhas.com.br\/loja\/wp-json\/wp\/v2\/media?parent=2918"}],"wp:term":[{"taxonomy":"product_brand","embeddable":true,"href":"https:\/\/reidastelhas.com.br\/loja\/wp-json\/wp\/v2\/product_brand?post=2918"},{"taxonomy":"product_cat","embeddable":true,"href":"https:\/\/reidastelhas.com.br\/loja\/wp-json\/wp\/v2\/product_cat?post=2918"},{"taxonomy":"product_tag","embeddable":true,"href":"https:\/\/reidastelhas.com.br\/loja\/wp-json\/wp\/v2\/product_tag?post=2918"}],"curies":[{"name":"wp","href":"https:\/\/api.w.org\/{rel}","templated":true}]}}