{"id":2926,"date":"2026-01-26T14:26:57","date_gmt":"2026-01-26T17:26:57","guid":{"rendered":"https:\/\/reidastelhas.com.br\/loja\/?post_type=product&#038;p=2926"},"modified":"2026-01-26T14:31:29","modified_gmt":"2026-01-26T17:31:29","slug":"manta-liquida-36kg-branca","status":"publish","type":"product","link":"https:\/\/reidastelhas.com.br\/loja\/produto\/manta-liquida-36kg-branca\/","title":{"rendered":"Manta L\u00edquida Branca Gal\u00e3o 3,6 kg"},"content":{"rendered":"<p class=\"_aupe copyable-text x15bjb6t x1n2onr6\"><span class=\"_aupe copyable-text xkrh14z\">Mantakor Manta L\u00edquida \u00e9 um impermeabilizante \u00e0 base de resina elastom\u00e9rica, <\/span><span class=\"_aupe copyable-text xkrh14z\">formando sobre as superf\u00edcies uma membrana imperme\u00e1vel, el\u00e1stica e flex\u00edvel, <\/span><span class=\"_aupe copyable-text xkrh14z\">resistente \u00e0s intemp\u00e9ries. Como a impermeabiliza\u00e7\u00e3o \u00e9 de cor branca que reflete os <\/span><span class=\"_aupe copyable-text xkrh14z\">raios solares, proporciona ao ambiente interno um bom conforto t\u00e9rmico. O produto \u00e9 <\/span><span class=\"_aupe copyable-text xkrh14z\">capaz de acomodar as movimenta\u00e7\u00f5es da estrutura presentes no substrato, permite <\/span><span class=\"_aupe copyable-text xkrh14z\">selar fissuras ativas at\u00e9 0,2 mm e passivas at\u00e9 0,5 mm. Mant\u00e9m as propriedades em <\/span><span class=\"_aupe copyable-text xkrh14z\">baixas temperaturas, \u00e9 uma excelente barreira aos agentes contaminantes provenientes <\/span><span class=\"_aupe copyable-text xkrh14z\">da atmosfera, possui baixa reten\u00e7\u00e3o de fuligem, redutor sonoro, resistente a raios <\/span><span class=\"_aupe copyable-text xkrh14z\">ultravioleta e a intemp\u00e9ries, baixa absor\u00e7\u00e3o da \u00e1gua em longos per\u00edodos, f\u00e1cil aplica\u00e7\u00e3o <\/span><span class=\"_aupe copyable-text xkrh14z\">e pode ser pigmentado<\/span><\/p>\n","protected":false},"excerpt":{"rendered":"<p>Mantakor Manta L\u00edquida \u00e9 um impermeabilizante \u00e0 base de resina elastom\u00e9rica, formando sobre as superf\u00edcies uma membrana imperme\u00e1vel, el\u00e1stica e flex\u00edvel, resistente \u00e0s intemp\u00e9ries. Como a impermeabiliza\u00e7\u00e3o \u00e9 de cor branca que reflete os raios solares, proporciona ao ambiente interno um bom conforto t\u00e9rmico. O produto \u00e9 capaz de acomodar as movimenta\u00e7\u00f5es da estrutura presentes [&hellip;]<\/p>\n","protected":false},"featured_media":2927,"template":"","meta":{"_joinchat":[]},"product_brand":[243],"product_cat":[45],"product_tag":[],"class_list":{"0":"post-2926","1":"product","2":"type-product","3":"status-publish","4":"has-post-thumbnail","6":"product_brand-inkor","7":"product_cat-hidrofugante-e-manta-liquida","9":"first","10":"instock","11":"shipping-taxable","12":"purchasable","13":"product-type-simple"},"_links":{"self":[{"href":"https:\/\/reidastelhas.com.br\/loja\/wp-json\/wp\/v2\/product\/2926","targetHints":{"allow":["GET"]}}],"collection":[{"href":"https:\/\/reidastelhas.com.br\/loja\/wp-json\/wp\/v2\/product"}],"about":[{"href":"https:\/\/reidastelhas.com.br\/loja\/wp-json\/wp\/v2\/types\/product"}],"wp:featuredmedia":[{"embeddable":true,"href":"https:\/\/reidastelhas.com.br\/loja\/wp-json\/wp\/v2\/media\/2927"}],"wp:attachment":[{"href":"https:\/\/reidastelhas.com.br\/loja\/wp-json\/wp\/v2\/media?parent=2926"}],"wp:term":[{"taxonomy":"product_brand","embeddable":true,"href":"https:\/\/reidastelhas.com.br\/loja\/wp-json\/wp\/v2\/product_brand?post=2926"},{"taxonomy":"product_cat","embeddable":true,"href":"https:\/\/reidastelhas.com.br\/loja\/wp-json\/wp\/v2\/product_cat?post=2926"},{"taxonomy":"product_tag","embeddable":true,"href":"https:\/\/reidastelhas.com.br\/loja\/wp-json\/wp\/v2\/product_tag?post=2926"}],"curies":[{"name":"wp","href":"https:\/\/api.w.org\/{rel}","templated":true}]}}