{"id":2949,"date":"2026-01-26T15:10:42","date_gmt":"2026-01-26T18:10:42","guid":{"rendered":"https:\/\/reidastelhas.com.br\/loja\/?post_type=product&#038;p=2949"},"modified":"2026-01-26T15:17:26","modified_gmt":"2026-01-26T18:17:26","slug":"argamassa-refrataria","status":"publish","type":"product","link":"https:\/\/reidastelhas.com.br\/loja\/produto\/argamassa-refrataria\/","title":{"rendered":"Argamassa Refrat\u00e1ria 5kg"},"content":{"rendered":"<p>Indicada para assentamento e rejuntamento simult\u00e2neos de tijolos e placas refrat\u00e1rias em ambientes internos e externos, submetidos a altas temperaturas (at\u00e9 400\u00b0C) como churrasqueiras, lareiras, fornos e estufas de uso dom\u00e9stico.<\/p>\n<p>N\u00e3o indicada para assentamento em superf\u00edcies pintadas, madeira, metal ou outro local que impe\u00e7a a ader\u00eancia da argamassa.<\/p>\n<p>N\u00e3o utilizar em preenchimento de juntas de movimenta\u00e7\u00e3o ou estruturais, nem como isolante t\u00e9rmico.<\/p>\n<p>N\u00e3o indicada para assentamento de cer\u00e2micas.<\/p>\n","protected":false},"excerpt":{"rendered":"<p>Indicada para assentamento e rejuntamento simult\u00e2neos de tijolos e placas refrat\u00e1rias em ambientes internos e externos, submetidos a altas temperaturas (at\u00e9 400\u00b0C) como churrasqueiras, lareiras, fornos e estufas de uso dom\u00e9stico. N\u00e3o indicada para assentamento em superf\u00edcies pintadas, madeira, metal ou outro local que impe\u00e7a a ader\u00eancia da argamassa. N\u00e3o utilizar em preenchimento de juntas [&hellip;]<\/p>\n","protected":false},"featured_media":2950,"template":"","meta":{"_joinchat":[]},"product_brand":[258],"product_cat":[47],"product_tag":[],"class_list":{"0":"post-2949","1":"product","2":"type-product","3":"status-publish","4":"has-post-thumbnail","6":"product_brand-tilecol","7":"product_cat-argamassas-e-rejuntes","9":"first","10":"instock","11":"shipping-taxable","12":"purchasable","13":"product-type-simple"},"_links":{"self":[{"href":"https:\/\/reidastelhas.com.br\/loja\/wp-json\/wp\/v2\/product\/2949","targetHints":{"allow":["GET"]}}],"collection":[{"href":"https:\/\/reidastelhas.com.br\/loja\/wp-json\/wp\/v2\/product"}],"about":[{"href":"https:\/\/reidastelhas.com.br\/loja\/wp-json\/wp\/v2\/types\/product"}],"wp:featuredmedia":[{"embeddable":true,"href":"https:\/\/reidastelhas.com.br\/loja\/wp-json\/wp\/v2\/media\/2950"}],"wp:attachment":[{"href":"https:\/\/reidastelhas.com.br\/loja\/wp-json\/wp\/v2\/media?parent=2949"}],"wp:term":[{"taxonomy":"product_brand","embeddable":true,"href":"https:\/\/reidastelhas.com.br\/loja\/wp-json\/wp\/v2\/product_brand?post=2949"},{"taxonomy":"product_cat","embeddable":true,"href":"https:\/\/reidastelhas.com.br\/loja\/wp-json\/wp\/v2\/product_cat?post=2949"},{"taxonomy":"product_tag","embeddable":true,"href":"https:\/\/reidastelhas.com.br\/loja\/wp-json\/wp\/v2\/product_tag?post=2949"}],"curies":[{"name":"wp","href":"https:\/\/api.w.org\/{rel}","templated":true}]}}