{"id":2951,"date":"2026-01-26T15:15:53","date_gmt":"2026-01-26T18:15:53","guid":{"rendered":"https:\/\/reidastelhas.com.br\/loja\/?post_type=product&#038;p=2951"},"modified":"2026-01-26T15:16:53","modified_gmt":"2026-01-26T18:16:53","slug":"ac-iii","status":"publish","type":"product","link":"https:\/\/reidastelhas.com.br\/loja\/produto\/ac-iii\/","title":{"rendered":"ACIII 20kg"},"content":{"rendered":"<p>Argamassa t\u00e9cnica classificada como Colante tipo III \u2013 AC III de acordo com a Norma NBR 14.081 para assentamento de porcelanatos em ambientes internos e externos, com aditivos especiais e agregados que garantem uma ancoragem, uma boa flexibilidade, ader\u00eancia e resist\u00eancia mec\u00e2nica. Dispon\u00edvel na cor Cinza.<\/p>\n<p>Indicada:<br \/>\n\u2022 Porcelanato interno at\u00e9 140 x 140 cm e externos at\u00e9 120 x 120 cm;<br \/>\n\u2022 Piso sobre piso interno e at\u00e9 120cm x 120cm e Piso sobre piso externa at\u00e9 100cm x<br \/>\n100cm.<\/p>\n","protected":false},"excerpt":{"rendered":"<p>Argamassa t\u00e9cnica classificada como Colante tipo III \u2013 AC III de acordo com a Norma NBR 14.081 para assentamento de porcelanatos em ambientes internos e externos, com aditivos especiais e agregados que garantem uma ancoragem, uma boa flexibilidade, ader\u00eancia e resist\u00eancia mec\u00e2nica. Dispon\u00edvel na cor Cinza. Indicada: \u2022 Porcelanato interno at\u00e9 140 x 140 cm [&hellip;]<\/p>\n","protected":false},"featured_media":2952,"template":"","meta":{"_joinchat":[]},"product_brand":[258],"product_cat":[47],"product_tag":[],"class_list":{"0":"post-2951","1":"product","2":"type-product","3":"status-publish","4":"has-post-thumbnail","6":"product_brand-tilecol","7":"product_cat-argamassas-e-rejuntes","9":"first","10":"instock","11":"shipping-taxable","12":"purchasable","13":"product-type-simple"},"_links":{"self":[{"href":"https:\/\/reidastelhas.com.br\/loja\/wp-json\/wp\/v2\/product\/2951","targetHints":{"allow":["GET"]}}],"collection":[{"href":"https:\/\/reidastelhas.com.br\/loja\/wp-json\/wp\/v2\/product"}],"about":[{"href":"https:\/\/reidastelhas.com.br\/loja\/wp-json\/wp\/v2\/types\/product"}],"wp:featuredmedia":[{"embeddable":true,"href":"https:\/\/reidastelhas.com.br\/loja\/wp-json\/wp\/v2\/media\/2952"}],"wp:attachment":[{"href":"https:\/\/reidastelhas.com.br\/loja\/wp-json\/wp\/v2\/media?parent=2951"}],"wp:term":[{"taxonomy":"product_brand","embeddable":true,"href":"https:\/\/reidastelhas.com.br\/loja\/wp-json\/wp\/v2\/product_brand?post=2951"},{"taxonomy":"product_cat","embeddable":true,"href":"https:\/\/reidastelhas.com.br\/loja\/wp-json\/wp\/v2\/product_cat?post=2951"},{"taxonomy":"product_tag","embeddable":true,"href":"https:\/\/reidastelhas.com.br\/loja\/wp-json\/wp\/v2\/product_tag?post=2951"}],"curies":[{"name":"wp","href":"https:\/\/api.w.org\/{rel}","templated":true}]}}