{"id":2953,"date":"2026-01-26T15:22:28","date_gmt":"2026-01-26T18:22:28","guid":{"rendered":"https:\/\/reidastelhas.com.br\/loja\/?post_type=product&#038;p=2953"},"modified":"2026-01-26T15:22:28","modified_gmt":"2026-01-26T18:22:28","slug":"massa-pronta-20kg","status":"publish","type":"product","link":"https:\/\/reidastelhas.com.br\/loja\/produto\/massa-pronta-20kg\/","title":{"rendered":"Massa Pronta 20kg"},"content":{"rendered":"<p>Argamassa indicada para assentamento de alvenarias de veda\u00e7\u00e3o, pequenos reparos e reformas em geral, revestimentos de paredes e tetos em \u00e1reas internas e externas.<\/p>\n<p>Pronta para assentamento e revestimento, basta adicionar \u00e1gua.<\/p>\n<p>Dispensa a adi\u00e7\u00e3o de outros materiais.<\/p>\n","protected":false},"excerpt":{"rendered":"<p>Argamassa indicada para assentamento de alvenarias de veda\u00e7\u00e3o, pequenos reparos e reformas em geral, revestimentos de paredes e tetos em \u00e1reas internas e externas. Pronta para assentamento e revestimento, basta adicionar \u00e1gua. Dispensa a adi\u00e7\u00e3o de outros materiais.<\/p>\n","protected":false},"featured_media":2954,"template":"","meta":{"_joinchat":[]},"product_brand":[258],"product_cat":[47],"product_tag":[],"class_list":{"0":"post-2953","1":"product","2":"type-product","3":"status-publish","4":"has-post-thumbnail","6":"product_brand-tilecol","7":"product_cat-argamassas-e-rejuntes","9":"first","10":"instock","11":"shipping-taxable","12":"purchasable","13":"product-type-simple"},"_links":{"self":[{"href":"https:\/\/reidastelhas.com.br\/loja\/wp-json\/wp\/v2\/product\/2953","targetHints":{"allow":["GET"]}}],"collection":[{"href":"https:\/\/reidastelhas.com.br\/loja\/wp-json\/wp\/v2\/product"}],"about":[{"href":"https:\/\/reidastelhas.com.br\/loja\/wp-json\/wp\/v2\/types\/product"}],"wp:featuredmedia":[{"embeddable":true,"href":"https:\/\/reidastelhas.com.br\/loja\/wp-json\/wp\/v2\/media\/2954"}],"wp:attachment":[{"href":"https:\/\/reidastelhas.com.br\/loja\/wp-json\/wp\/v2\/media?parent=2953"}],"wp:term":[{"taxonomy":"product_brand","embeddable":true,"href":"https:\/\/reidastelhas.com.br\/loja\/wp-json\/wp\/v2\/product_brand?post=2953"},{"taxonomy":"product_cat","embeddable":true,"href":"https:\/\/reidastelhas.com.br\/loja\/wp-json\/wp\/v2\/product_cat?post=2953"},{"taxonomy":"product_tag","embeddable":true,"href":"https:\/\/reidastelhas.com.br\/loja\/wp-json\/wp\/v2\/product_tag?post=2953"}],"curies":[{"name":"wp","href":"https:\/\/api.w.org\/{rel}","templated":true}]}}