{"id":2955,"date":"2026-01-26T15:40:00","date_gmt":"2026-01-26T18:40:00","guid":{"rendered":"https:\/\/reidastelhas.com.br\/loja\/?post_type=product&#038;p=2955"},"modified":"2026-01-26T16:00:11","modified_gmt":"2026-01-26T19:00:11","slug":"rejuntelha","status":"publish","type":"product","link":"https:\/\/reidastelhas.com.br\/loja\/produto\/rejuntelha\/","title":{"rendered":"Rejuntelha 20kg"},"content":{"rendered":"<p>Indicado para rejuntamento de telhas e cumeeiras, dando um acabamento de qualidade na colora\u00e7\u00e3o das pe\u00e7as.<\/p>\n","protected":false},"excerpt":{"rendered":"<p>V\u00e1rias cores dispon\u00edveis!<\/p>\n","protected":false},"featured_media":2956,"template":"","meta":{"_joinchat":[]},"product_brand":[259],"product_cat":[47],"product_tag":[],"class_list":{"0":"post-2955","1":"product","2":"type-product","3":"status-publish","4":"has-post-thumbnail","6":"product_brand-silaqua","7":"product_cat-argamassas-e-rejuntes","9":"first","10":"instock","11":"shipping-taxable","12":"purchasable","13":"product-type-variable"},"_links":{"self":[{"href":"https:\/\/reidastelhas.com.br\/loja\/wp-json\/wp\/v2\/product\/2955","targetHints":{"allow":["GET"]}}],"collection":[{"href":"https:\/\/reidastelhas.com.br\/loja\/wp-json\/wp\/v2\/product"}],"about":[{"href":"https:\/\/reidastelhas.com.br\/loja\/wp-json\/wp\/v2\/types\/product"}],"wp:featuredmedia":[{"embeddable":true,"href":"https:\/\/reidastelhas.com.br\/loja\/wp-json\/wp\/v2\/media\/2956"}],"wp:attachment":[{"href":"https:\/\/reidastelhas.com.br\/loja\/wp-json\/wp\/v2\/media?parent=2955"}],"wp:term":[{"taxonomy":"product_brand","embeddable":true,"href":"https:\/\/reidastelhas.com.br\/loja\/wp-json\/wp\/v2\/product_brand?post=2955"},{"taxonomy":"product_cat","embeddable":true,"href":"https:\/\/reidastelhas.com.br\/loja\/wp-json\/wp\/v2\/product_cat?post=2955"},{"taxonomy":"product_tag","embeddable":true,"href":"https:\/\/reidastelhas.com.br\/loja\/wp-json\/wp\/v2\/product_tag?post=2955"}],"curies":[{"name":"wp","href":"https:\/\/api.w.org\/{rel}","templated":true}]}}