{"id":2980,"date":"2026-02-05T10:36:35","date_gmt":"2026-02-05T13:36:35","guid":{"rendered":"https:\/\/reidastelhas.com.br\/loja\/?post_type=product&#038;p=2980"},"modified":"2026-02-05T10:37:11","modified_gmt":"2026-02-05T13:37:11","slug":"grampo-fixa-telha-duplo-inox-c-50-pecas","status":"publish","type":"product","link":"https:\/\/reidastelhas.com.br\/loja\/produto\/grampo-fixa-telha-duplo-inox-c-50-pecas\/","title":{"rendered":"Grampo fixa telha duplo inox c\/ 50 pe\u00e7as"},"content":{"rendered":"<p>Fixador Inox Para Telhas, Anti Vendaval, Telhas Americana Portuguesa Romana e Italiana<\/p>\n<p>A solu\u00e7\u00e3o inteligente para seu telhado! Um \u00fanico fixador prende ao mesmo tempo a cabe\u00e7a da primeira carreira da telha no sarrafo e a traseira da segunda carreira de telha, trazendo praticidade, economia e seguran\u00e7a para sua obra.<\/p>\n<p>Produzido em A\u00e7o Inox Ref 430, o fixador de telha \u00e9 dur\u00e1vel e resiste \u00e0s condi\u00e7\u00f5es do tempo como chuva e maresia sem enferrujar. F\u00e1cil de manusear, a instala\u00e7\u00e3o \u00e9 r\u00e1pida e pr\u00e1tica, pois \u00e9 fixado com press\u00e3o e n\u00e3o solta.<\/p>\n<p>CARACTER\u00cdSTICAS<br \/>\n* F\u00e1cil e r\u00e1pido de aplicar<br \/>\n* Usa press\u00e3o e n\u00e3o precisa de parafuso<br \/>\n* Protege seu telhado contra o vento<\/p>\n","protected":false},"excerpt":{"rendered":"<p>Fixador Inox Para Telhas, Anti Vendaval, Telhas Americana Portuguesa Romana e Italiana A solu\u00e7\u00e3o inteligente para seu telhado! Um \u00fanico fixador prende ao mesmo tempo a cabe\u00e7a da primeira carreira da telha no sarrafo e a traseira da segunda carreira de telha, trazendo praticidade, economia e seguran\u00e7a para sua obra. Produzido em A\u00e7o Inox Ref [&hellip;]<\/p>\n","protected":false},"featured_media":2981,"template":"","meta":{"_joinchat":[]},"product_brand":[],"product_cat":[44],"product_tag":[],"class_list":{"0":"post-2980","1":"product","2":"type-product","3":"status-publish","4":"has-post-thumbnail","6":"product_cat-grampo-fixa-telhas","8":"first","9":"instock","10":"shipping-taxable","11":"purchasable","12":"product-type-simple"},"_links":{"self":[{"href":"https:\/\/reidastelhas.com.br\/loja\/wp-json\/wp\/v2\/product\/2980","targetHints":{"allow":["GET"]}}],"collection":[{"href":"https:\/\/reidastelhas.com.br\/loja\/wp-json\/wp\/v2\/product"}],"about":[{"href":"https:\/\/reidastelhas.com.br\/loja\/wp-json\/wp\/v2\/types\/product"}],"wp:featuredmedia":[{"embeddable":true,"href":"https:\/\/reidastelhas.com.br\/loja\/wp-json\/wp\/v2\/media\/2981"}],"wp:attachment":[{"href":"https:\/\/reidastelhas.com.br\/loja\/wp-json\/wp\/v2\/media?parent=2980"}],"wp:term":[{"taxonomy":"product_brand","embeddable":true,"href":"https:\/\/reidastelhas.com.br\/loja\/wp-json\/wp\/v2\/product_brand?post=2980"},{"taxonomy":"product_cat","embeddable":true,"href":"https:\/\/reidastelhas.com.br\/loja\/wp-json\/wp\/v2\/product_cat?post=2980"},{"taxonomy":"product_tag","embeddable":true,"href":"https:\/\/reidastelhas.com.br\/loja\/wp-json\/wp\/v2\/product_tag?post=2980"}],"curies":[{"name":"wp","href":"https:\/\/api.w.org\/{rel}","templated":true}]}}