{"id":2984,"date":"2026-02-05T10:39:20","date_gmt":"2026-02-05T13:39:20","guid":{"rendered":"https:\/\/reidastelhas.com.br\/loja\/?post_type=product&#038;p=2984"},"modified":"2026-02-05T10:39:21","modified_gmt":"2026-02-05T13:39:21","slug":"grampo-fixa-telha-polipropileno-universal","status":"publish","type":"product","link":"https:\/\/reidastelhas.com.br\/loja\/produto\/grampo-fixa-telha-polipropileno-universal\/","title":{"rendered":"GRAMPO FIXA TELHA POLIPROPILENO UNIVERSAL"},"content":{"rendered":"<p>Os grampos FIXA TELHAS , foram desenvolvidos para trazer mais seguran\u00e7a as resid\u00eancias. Feito a base de polipropileno, n\u00e3o resseca, n\u00e3o enferruja, e serve para var\u00edos modelos de telhas, exemplo:<br \/>\nTelhas portuguesa, romana, americana, cejatel, perkus entre outras, trazendo maior seguran\u00e7a para as Telhas de cer\u00e2mica ou de piso.<br \/>\nN\u00c3O PRECISA FURAR AS TELHAS, pode ser colocado na montagem do telhado ou depois do telhado pronto.<\/p>\n","protected":false},"excerpt":{"rendered":"<p>Os grampos FIXA TELHAS , foram desenvolvidos para trazer mais seguran\u00e7a as resid\u00eancias. Feito a base de polipropileno, n\u00e3o resseca, n\u00e3o enferruja, e serve para var\u00edos modelos de telhas, exemplo: Telhas portuguesa, romana, americana, cejatel, perkus entre outras, trazendo maior seguran\u00e7a para as Telhas de cer\u00e2mica ou de piso. N\u00c3O PRECISA FURAR AS TELHAS, pode [&hellip;]<\/p>\n","protected":false},"featured_media":2986,"template":"","meta":{"_joinchat":[]},"product_brand":[],"product_cat":[44],"product_tag":[],"class_list":{"0":"post-2984","1":"product","2":"type-product","3":"status-publish","4":"has-post-thumbnail","6":"product_cat-grampo-fixa-telhas","8":"first","9":"instock","10":"shipping-taxable","11":"purchasable","12":"product-type-simple"},"_links":{"self":[{"href":"https:\/\/reidastelhas.com.br\/loja\/wp-json\/wp\/v2\/product\/2984","targetHints":{"allow":["GET"]}}],"collection":[{"href":"https:\/\/reidastelhas.com.br\/loja\/wp-json\/wp\/v2\/product"}],"about":[{"href":"https:\/\/reidastelhas.com.br\/loja\/wp-json\/wp\/v2\/types\/product"}],"wp:featuredmedia":[{"embeddable":true,"href":"https:\/\/reidastelhas.com.br\/loja\/wp-json\/wp\/v2\/media\/2986"}],"wp:attachment":[{"href":"https:\/\/reidastelhas.com.br\/loja\/wp-json\/wp\/v2\/media?parent=2984"}],"wp:term":[{"taxonomy":"product_brand","embeddable":true,"href":"https:\/\/reidastelhas.com.br\/loja\/wp-json\/wp\/v2\/product_brand?post=2984"},{"taxonomy":"product_cat","embeddable":true,"href":"https:\/\/reidastelhas.com.br\/loja\/wp-json\/wp\/v2\/product_cat?post=2984"},{"taxonomy":"product_tag","embeddable":true,"href":"https:\/\/reidastelhas.com.br\/loja\/wp-json\/wp\/v2\/product_tag?post=2984"}],"curies":[{"name":"wp","href":"https:\/\/api.w.org\/{rel}","templated":true}]}}