{"id":2990,"date":"2026-02-05T15:05:39","date_gmt":"2026-02-05T18:05:39","guid":{"rendered":"https:\/\/reidastelhas.com.br\/loja\/?post_type=product&#038;p=2990"},"modified":"2026-02-05T15:05:40","modified_gmt":"2026-02-05T18:05:40","slug":"pu-40-cinza-uso-geral","status":"publish","type":"product","link":"https:\/\/reidastelhas.com.br\/loja\/produto\/pu-40-cinza-uso-geral\/","title":{"rendered":"PU 40 Cinza Uso Geral"},"content":{"rendered":"<p>\u00c9 um adesivo\/selante de POLIURETANO H\u00cdBRIDO contendo SILANOS em sua formula\u00e7\u00e3o. O produto cura em contato com o ar formando um elast\u00f4mero denso, flex\u00edvel e de alta resist\u00eancia. Desenvolvido para a constru\u00e7\u00e3o civil, \u00e9 ideal para colagens, veda\u00e7\u00f5es e preenchimentos em juntas de dilata\u00e7\u00e3o onde se exige elasticidade permanente. Resiste ao intemperismo podendo ser utilizado em aplica\u00e7\u00f5es internas e externas.<\/p>\n<p><strong>APLICA\u00c7\u00d5ES:<\/strong><\/p>\n<p>Na Constru\u00e7\u00e3o Civil: para aplica\u00e7\u00e3o em materiais de constru\u00e7\u00e3o dissimilares, juntas de dilata\u00e7\u00e3o vertical ou horizontal em pisos de concreto, fachadas, estruturas pr\u00e9-moldadas, parapeitos de varandas, juntas de veda\u00e7\u00e3o nas conex\u00f5es entre janelas e portas, granito, concreto, madeira e metal. Pode ser aplicado em ambientes com muita umidade, em dias de chuva ou at\u00e9 mesmo em aplica\u00e7\u00f5es submersas. N\u00e3o forma gases durante a cura e n\u00e3o encolhe, resultando em uma caracter\u00edstica ideal para a impermeabiliza\u00e7\u00e3o e preenchimento de espa\u00e7os.<\/p>\n<p><strong>APRESENTA\u00c7\u00c3O:<\/strong><\/p>\n<p>Cartucho de 367g.<\/p>\n","protected":false},"excerpt":{"rendered":"<p>\u00c9 um adesivo\/selante de POLIURETANO H\u00cdBRIDO contendo SILANOS em sua formula\u00e7\u00e3o. O produto cura em contato com o ar formando um elast\u00f4mero denso, flex\u00edvel e de alta resist\u00eancia. Desenvolvido para a constru\u00e7\u00e3o civil, \u00e9 ideal para colagens, veda\u00e7\u00f5es e preenchimentos em juntas de dilata\u00e7\u00e3o onde se exige elasticidade permanente. Resiste ao intemperismo podendo ser utilizado [&hellip;]<\/p>\n","protected":false},"featured_media":2991,"template":"","meta":{"_joinchat":[]},"product_brand":[270],"product_cat":[44],"product_tag":[],"class_list":{"0":"post-2990","1":"product","2":"type-product","3":"status-publish","4":"has-post-thumbnail","6":"product_brand-elastil","7":"product_cat-grampo-fixa-telhas","9":"first","10":"instock","11":"shipping-taxable","12":"purchasable","13":"product-type-simple"},"_links":{"self":[{"href":"https:\/\/reidastelhas.com.br\/loja\/wp-json\/wp\/v2\/product\/2990","targetHints":{"allow":["GET"]}}],"collection":[{"href":"https:\/\/reidastelhas.com.br\/loja\/wp-json\/wp\/v2\/product"}],"about":[{"href":"https:\/\/reidastelhas.com.br\/loja\/wp-json\/wp\/v2\/types\/product"}],"wp:featuredmedia":[{"embeddable":true,"href":"https:\/\/reidastelhas.com.br\/loja\/wp-json\/wp\/v2\/media\/2991"}],"wp:attachment":[{"href":"https:\/\/reidastelhas.com.br\/loja\/wp-json\/wp\/v2\/media?parent=2990"}],"wp:term":[{"taxonomy":"product_brand","embeddable":true,"href":"https:\/\/reidastelhas.com.br\/loja\/wp-json\/wp\/v2\/product_brand?post=2990"},{"taxonomy":"product_cat","embeddable":true,"href":"https:\/\/reidastelhas.com.br\/loja\/wp-json\/wp\/v2\/product_cat?post=2990"},{"taxonomy":"product_tag","embeddable":true,"href":"https:\/\/reidastelhas.com.br\/loja\/wp-json\/wp\/v2\/product_tag?post=2990"}],"curies":[{"name":"wp","href":"https:\/\/api.w.org\/{rel}","templated":true}]}}