{"id":2994,"date":"2026-02-05T15:17:27","date_gmt":"2026-02-05T18:17:27","guid":{"rendered":"https:\/\/reidastelhas.com.br\/loja\/?post_type=product&#038;p=2994"},"modified":"2026-02-05T15:22:13","modified_gmt":"2026-02-05T18:22:13","slug":"borracha-termoplastica-incolor","status":"publish","type":"product","link":"https:\/\/reidastelhas.com.br\/loja\/produto\/borracha-termoplastica-incolor\/","title":{"rendered":"Borracha Termopl\u00e1stica Incolor"},"content":{"rendered":"<p>Selante com alto poder de ader\u00eancia e flexibilidade. Possui a mesma composi\u00e7\u00e3o das borrachas termopl\u00e1sticas, tendo como caracter\u00edstica peculiar sua transpar\u00eancia, sendo cristal como vidro.<\/p>\n<p><strong>APLICA\u00c7\u00d5ES:<\/strong><\/p>\n<p>Indicado para unir e vedar diversos materiais, entre si ou alternados, tais como: madeira, ferro, alum\u00ednio, PVC, cer\u00e2mica, etc. Por aderir a diversos substratos, pode tamb\u00e9m, ser utilizado com muita qualidade na fixa\u00e7\u00e3o de rodap\u00e9s, acabamento em m\u00e1rmores, granitos, box, lou\u00e7as sanit\u00e1rias e outros. Substitui com vantagens diversos tipos de silicones<\/p>\n","protected":false},"excerpt":{"rendered":"<p>Selante com alto poder de ader\u00eancia e flexibilidade. Possui a mesma composi\u00e7\u00e3o das borrachas termopl\u00e1sticas, tendo como caracter\u00edstica peculiar sua transpar\u00eancia, sendo cristal como vidro. APLICA\u00c7\u00d5ES: Indicado para unir e vedar diversos materiais, entre si ou alternados, tais como: madeira, ferro, alum\u00ednio, PVC, cer\u00e2mica, etc. Por aderir a diversos substratos, pode tamb\u00e9m, ser utilizado com [&hellip;]<\/p>\n","protected":false},"featured_media":2998,"template":"","meta":{"_joinchat":[]},"product_brand":[270],"product_cat":[44],"product_tag":[],"class_list":{"0":"post-2994","1":"product","2":"type-product","3":"status-publish","4":"has-post-thumbnail","6":"product_brand-elastil","7":"product_cat-grampo-fixa-telhas","9":"first","10":"instock","11":"shipping-taxable","12":"purchasable","13":"product-type-simple"},"_links":{"self":[{"href":"https:\/\/reidastelhas.com.br\/loja\/wp-json\/wp\/v2\/product\/2994","targetHints":{"allow":["GET"]}}],"collection":[{"href":"https:\/\/reidastelhas.com.br\/loja\/wp-json\/wp\/v2\/product"}],"about":[{"href":"https:\/\/reidastelhas.com.br\/loja\/wp-json\/wp\/v2\/types\/product"}],"wp:featuredmedia":[{"embeddable":true,"href":"https:\/\/reidastelhas.com.br\/loja\/wp-json\/wp\/v2\/media\/2998"}],"wp:attachment":[{"href":"https:\/\/reidastelhas.com.br\/loja\/wp-json\/wp\/v2\/media?parent=2994"}],"wp:term":[{"taxonomy":"product_brand","embeddable":true,"href":"https:\/\/reidastelhas.com.br\/loja\/wp-json\/wp\/v2\/product_brand?post=2994"},{"taxonomy":"product_cat","embeddable":true,"href":"https:\/\/reidastelhas.com.br\/loja\/wp-json\/wp\/v2\/product_cat?post=2994"},{"taxonomy":"product_tag","embeddable":true,"href":"https:\/\/reidastelhas.com.br\/loja\/wp-json\/wp\/v2\/product_tag?post=2994"}],"curies":[{"name":"wp","href":"https:\/\/api.w.org\/{rel}","templated":true}]}}