{"id":3003,"date":"2026-02-16T14:09:16","date_gmt":"2026-02-16T17:09:16","guid":{"rendered":"https:\/\/reidastelhas.com.br\/loja\/?post_type=product&#038;p=3003"},"modified":"2026-02-16T14:09:16","modified_gmt":"2026-02-16T17:09:16","slug":"passarinheira-universal-50cm","status":"publish","type":"product","link":"https:\/\/reidastelhas.com.br\/loja\/produto\/passarinheira-universal-50cm\/","title":{"rendered":"Passarinheira Universal 50cm"},"content":{"rendered":"<p>A Passarinheira Universal em polipropileno para telhados e fibrocimento \u00e9 um produto utilizado para a prote\u00e7\u00e3o e preven\u00e7\u00e3o de aves, como pombos e pardais, de pousarem ou fazerem ninhos em telhados de edif\u00edcios, resid\u00eancias, ind\u00fastrias ou outras estruturas.<\/p>\n<ul>\n<li>Polipropileno Cinza ou Caramelo;<\/li>\n<li>Material Flex\u00edvel, dur\u00e1vel e resistente;<\/li>\n<li>Medidas: 50cm x 8cm;<\/li>\n<li>Pacote com 5 metros lineares (10 pentes de 50cm).<\/li>\n<li>Acompanha pregos galvanizados.<\/li>\n<li>N\u00e3o \u00e9 recomendado para conter maritacas.<\/li>\n<\/ul>\n","protected":false},"excerpt":{"rendered":"<p>A Passarinheira Universal em polipropileno para telhados e fibrocimento \u00e9 um produto utilizado para a prote\u00e7\u00e3o e preven\u00e7\u00e3o de aves, como pombos e pardais, de pousarem ou fazerem ninhos em telhados de edif\u00edcios, resid\u00eancias, ind\u00fastrias ou outras estruturas. Polipropileno Cinza ou Caramelo; Material Flex\u00edvel, dur\u00e1vel e resistente; Medidas: 50cm x 8cm; Pacote com 5 metros [&hellip;]<\/p>\n","protected":false},"featured_media":3004,"template":"","meta":{"_joinchat":[]},"product_brand":[271],"product_cat":[46],"product_tag":[],"class_list":{"0":"post-3003","1":"product","2":"type-product","3":"status-publish","4":"has-post-thumbnail","6":"product_brand-sandalo","7":"product_cat-passarinheira","9":"first","10":"instock","11":"shipping-taxable","12":"purchasable","13":"product-type-variable"},"_links":{"self":[{"href":"https:\/\/reidastelhas.com.br\/loja\/wp-json\/wp\/v2\/product\/3003","targetHints":{"allow":["GET"]}}],"collection":[{"href":"https:\/\/reidastelhas.com.br\/loja\/wp-json\/wp\/v2\/product"}],"about":[{"href":"https:\/\/reidastelhas.com.br\/loja\/wp-json\/wp\/v2\/types\/product"}],"wp:featuredmedia":[{"embeddable":true,"href":"https:\/\/reidastelhas.com.br\/loja\/wp-json\/wp\/v2\/media\/3004"}],"wp:attachment":[{"href":"https:\/\/reidastelhas.com.br\/loja\/wp-json\/wp\/v2\/media?parent=3003"}],"wp:term":[{"taxonomy":"product_brand","embeddable":true,"href":"https:\/\/reidastelhas.com.br\/loja\/wp-json\/wp\/v2\/product_brand?post=3003"},{"taxonomy":"product_cat","embeddable":true,"href":"https:\/\/reidastelhas.com.br\/loja\/wp-json\/wp\/v2\/product_cat?post=3003"},{"taxonomy":"product_tag","embeddable":true,"href":"https:\/\/reidastelhas.com.br\/loja\/wp-json\/wp\/v2\/product_tag?post=3003"}],"curies":[{"name":"wp","href":"https:\/\/api.w.org\/{rel}","templated":true}]}}