{"id":3009,"date":"2026-02-16T14:37:01","date_gmt":"2026-02-16T17:37:01","guid":{"rendered":"https:\/\/reidastelhas.com.br\/loja\/?post_type=product&#038;p=3009"},"modified":"2026-02-16T14:37:43","modified_gmt":"2026-02-16T17:37:43","slug":"passarinheira-universal","status":"publish","type":"product","link":"https:\/\/reidastelhas.com.br\/loja\/produto\/passarinheira-universal\/","title":{"rendered":"Passarinheira Universal Individual 50 pe\u00e7as"},"content":{"rendered":"<ul>\n<li>\n<p class=\"_aupe copyable-text x15bjb6t x1n2onr6\"><span class=\"_aupe copyable-text xkrh14z\">Protege contra invas\u00e3o de p\u00e1ssaros, morcegos, ratos e pombas;<\/span><\/p>\n<\/li>\n<li>\n<p class=\"_aupe copyable-text x15bjb6t x1n2onr6\"><span class=\"_aupe copyable-text xkrh14z\">Maior durabilidade;<\/span><\/p>\n<\/li>\n<li>\n<p class=\"_aupe copyable-text x15bjb6t x1n2onr6\"><span class=\"_aupe copyable-text xkrh14z\">Seu madeiramento mais limpo;<\/span><\/p>\n<\/li>\n<li>\n<p class=\"_aupe copyable-text x15bjb6t x1n2onr6\"><span class=\"_aupe copyable-text xkrh14z\">Modelo Universal;<\/span><\/p>\n<\/li>\n<li>\n<p class=\"_aupe copyable-text x15bjb6t x1n2onr6\"><span class=\"_aupe copyable-text xkrh14z\">Adapta-se a qualquer tipo de telha.<\/span><\/p>\n<\/li>\n<li>\n<p class=\"_aupe copyable-text x15bjb6t x1n2onr6\"><span class=\"_aupe copyable-text xkrh14z\">Especifica\u00e7\u00f5es T\u00e9cnicas:<\/span><\/p>\n<p class=\"_aupe copyable-text x15bjb6t x1n2onr6\">\n<\/li>\n<li>\n<p class=\"_aupe copyable-text x15bjb6t x1n2onr6\"><span class=\"_aupe copyable-text xkrh14z\">Polipropileno<\/span><\/p>\n<p class=\"_aupe copyable-text x15bjb6t x1n2onr6\">\n<\/li>\n<li>\n<p class=\"_aupe copyable-text x15bjb6t x1n2onr6\"><span class=\"_aupe copyable-text xkrh14z\">Material Flex\u00edvel, dur\u00e1vel, resistente.<\/span><\/p>\n<\/li>\n<li>\n<p class=\"_aupe copyable-text x15bjb6t x1n2onr6\"><span class=\"_aupe copyable-text xkrh14z\">Pacote com 10 metros lineares.<\/span><\/p>\n<\/li>\n<li>\n<p class=\"_aupe copyable-text x15bjb6t x1n2onr6\"><span class=\"_aupe copyable-text xkrh14z\">Medidas: altura 7cm x 11cm largura<\/span><\/p>\n<\/li>\n<li>\n<p class=\"_aupe copyable-text x15bjb6t x1n2onr6\"><span class=\"_aupe copyable-text xkrh14z\">Cont\u00e9m 50 pe\u00e7as<\/span><\/p>\n<\/li>\n<\/ul>\n","protected":false},"excerpt":{"rendered":"<p>Protege contra invas\u00e3o de p\u00e1ssaros, morcegos, ratos e pombas; Maior durabilidade; Seu madeiramento mais limpo; Modelo Universal; Adapta-se a qualquer tipo de telha. Especifica\u00e7\u00f5es T\u00e9cnicas: Polipropileno Material Flex\u00edvel, dur\u00e1vel, resistente. Pacote com 10 metros lineares. Medidas: altura 7cm x 11cm largura Cont\u00e9m 50 pe\u00e7as<\/p>\n","protected":false},"featured_media":3011,"template":"","meta":{"_joinchat":[]},"product_brand":[272],"product_cat":[46],"product_tag":[],"class_list":{"0":"post-3009","1":"product","2":"type-product","3":"status-publish","4":"has-post-thumbnail","6":"product_brand-niktel","7":"product_cat-passarinheira","9":"first","10":"instock","11":"shipping-taxable","12":"purchasable","13":"product-type-variable"},"_links":{"self":[{"href":"https:\/\/reidastelhas.com.br\/loja\/wp-json\/wp\/v2\/product\/3009","targetHints":{"allow":["GET"]}}],"collection":[{"href":"https:\/\/reidastelhas.com.br\/loja\/wp-json\/wp\/v2\/product"}],"about":[{"href":"https:\/\/reidastelhas.com.br\/loja\/wp-json\/wp\/v2\/types\/product"}],"wp:featuredmedia":[{"embeddable":true,"href":"https:\/\/reidastelhas.com.br\/loja\/wp-json\/wp\/v2\/media\/3011"}],"wp:attachment":[{"href":"https:\/\/reidastelhas.com.br\/loja\/wp-json\/wp\/v2\/media?parent=3009"}],"wp:term":[{"taxonomy":"product_brand","embeddable":true,"href":"https:\/\/reidastelhas.com.br\/loja\/wp-json\/wp\/v2\/product_brand?post=3009"},{"taxonomy":"product_cat","embeddable":true,"href":"https:\/\/reidastelhas.com.br\/loja\/wp-json\/wp\/v2\/product_cat?post=3009"},{"taxonomy":"product_tag","embeddable":true,"href":"https:\/\/reidastelhas.com.br\/loja\/wp-json\/wp\/v2\/product_tag?post=3009"}],"curies":[{"name":"wp","href":"https:\/\/api.w.org\/{rel}","templated":true}]}}