{"id":3104,"date":"2026-02-23T09:05:37","date_gmt":"2026-02-23T12:05:37","guid":{"rendered":"https:\/\/reidastelhas.com.br\/loja\/?post_type=product&#038;p=3104"},"modified":"2026-02-23T09:05:37","modified_gmt":"2026-02-23T12:05:37","slug":"termometro-pequeno-para-forno","status":"publish","type":"product","link":"https:\/\/reidastelhas.com.br\/loja\/produto\/termometro-pequeno-para-forno\/","title":{"rendered":"Term\u00f4metro Pequeno para Forno"},"content":{"rendered":"<p data-start=\"124\" data-end=\"276\">O Term\u00f4metro Pequeno para Forno \u00e9 ideal para quem busca mais controle e precis\u00e3o na temperatura durante o preparo de pizzas, p\u00e3es, carnes e assados.<\/p>\n<p data-start=\"278\" data-end=\"495\">Fabricado em a\u00e7o carbono com pintura ep\u00f3xi preta, oferece resist\u00eancia, durabilidade e excelente acabamento. Indicado para diversos tipos de fornos e churrasqueiras, garantindo melhor desempenho e controle t\u00e9rmico.<\/p>\n<p><strong>Escala at\u00e9 350\u00b0C<\/strong><\/p>\n<p data-start=\"696\" data-end=\"781\">Estrutura resistente a altas temperaturas (ambiente externo pode suportar at\u00e9 1200\u00b0C)<\/p>\n<p class=\"_aupe copyable-text x15bjb6t x1n2onr6\"><span class=\"_aupe copyable-text xkrh14z\">Indica\u00e7\u00f5es de Uso:<br \/>\n<\/span><span class=\"_aupe copyable-text xkrh14z\">&#8211; Forno iglu<br \/>\n<\/span><span class=\"_aupe copyable-text xkrh14z\">&#8211; Forno a g\u00e1s<br \/>\n<\/span><span class=\"_aupe copyable-text xkrh14z\">&#8211; Forno el\u00e9trico<br \/>\n<\/span><span class=\"_aupe copyable-text xkrh14z\">&#8211; Forno a lenha<br \/>\n<\/span><span class=\"_aupe copyable-text xkrh14z\">&#8211; Churrasqueira a bafo<br \/>\n<\/span><span class=\"_aupe copyable-text xkrh14z\">&#8211; Defumadores<\/span><\/p>\n","protected":false},"excerpt":{"rendered":"<p class=\"_aupe copyable-text x15bjb6t x1n2onr6\"><span class=\"_aupe copyable-text xkrh14z\">Dimens\u00f5es:<br \/>\n<\/span><span class=\"_aupe copyable-text xkrh14z\">&#8211; Haste: 10 cm<br \/>\n<\/span><span class=\"_aupe copyable-text xkrh14z\">&#8211; Comprimento total: 15 cm<br \/>\n<\/span><span class=\"_aupe copyable-text xkrh14z\">&#8211; Peso: 100 g<br \/>\n<\/span><span class=\"_aupe copyable-text xkrh14z\">&#8211; Dimens\u00f5es da embalagem: 20 x 10 x 10 cm<\/span><\/p>\n","protected":false},"featured_media":3106,"template":"","meta":{"_joinchat":[]},"product_brand":[224],"product_cat":[41],"product_tag":[],"class_list":{"0":"post-3104","1":"product","2":"type-product","3":"status-publish","4":"has-post-thumbnail","6":"product_brand-laurindos","7":"product_cat-espetos-e-acessorios-geral","9":"first","10":"instock","11":"shipping-taxable","12":"purchasable","13":"product-type-simple"},"_links":{"self":[{"href":"https:\/\/reidastelhas.com.br\/loja\/wp-json\/wp\/v2\/product\/3104","targetHints":{"allow":["GET"]}}],"collection":[{"href":"https:\/\/reidastelhas.com.br\/loja\/wp-json\/wp\/v2\/product"}],"about":[{"href":"https:\/\/reidastelhas.com.br\/loja\/wp-json\/wp\/v2\/types\/product"}],"wp:featuredmedia":[{"embeddable":true,"href":"https:\/\/reidastelhas.com.br\/loja\/wp-json\/wp\/v2\/media\/3106"}],"wp:attachment":[{"href":"https:\/\/reidastelhas.com.br\/loja\/wp-json\/wp\/v2\/media?parent=3104"}],"wp:term":[{"taxonomy":"product_brand","embeddable":true,"href":"https:\/\/reidastelhas.com.br\/loja\/wp-json\/wp\/v2\/product_brand?post=3104"},{"taxonomy":"product_cat","embeddable":true,"href":"https:\/\/reidastelhas.com.br\/loja\/wp-json\/wp\/v2\/product_cat?post=3104"},{"taxonomy":"product_tag","embeddable":true,"href":"https:\/\/reidastelhas.com.br\/loja\/wp-json\/wp\/v2\/product_tag?post=3104"}],"curies":[{"name":"wp","href":"https:\/\/api.w.org\/{rel}","templated":true}]}}