{"id":3141,"date":"2026-04-22T11:20:15","date_gmt":"2026-04-22T14:20:15","guid":{"rendered":"https:\/\/reidastelhas.com.br\/loja\/?post_type=product&#038;p=3141"},"modified":"2026-04-22T11:20:15","modified_gmt":"2026-04-22T14:20:15","slug":"assadeira-de-ferro-fundido-com-molheiras-suporte-de-madeira","status":"publish","type":"product","link":"https:\/\/reidastelhas.com.br\/loja\/produto\/assadeira-de-ferro-fundido-com-molheiras-suporte-de-madeira\/","title":{"rendered":"Assadeira de Ferro Fundido com Molheiras + Suporte de Madeira"},"content":{"rendered":"<p data-start=\"184\" data-end=\"443\">Transforme suas refei\u00e7\u00f5es em verdadeiras experi\u00eancias gastron\u00f4micas. Com um design elegante e r\u00fastico, inspirado na tradi\u00e7\u00e3o da culin\u00e1ria mineira, ela valoriza a apresenta\u00e7\u00e3o dos seus pratos e impressiona em qualquer ocasi\u00e3o.<\/p>\n<p data-start=\"445\" data-end=\"612\">Vers\u00e1til e pr\u00e1tica, pode ser utilizada em todos os tipos de fog\u00f5es \u2014 desde cooktop de indu\u00e7\u00e3o at\u00e9 fogo de ch\u00e3o \u2014 garantindo desempenho excepcional em qualquer preparo.<\/p>\n<p data-start=\"614\" data-end=\"786\">Fabricada em ferro fundido de alta qualidade, proporciona excelente reten\u00e7\u00e3o de calor, cozimento uniforme e muito mais durabilidade, sendo um investimento para toda a vida.<\/p>\n<p data-start=\"788\" data-end=\"895\">Acompanha molheiras e um charmoso suporte de madeira, tornando o servir ainda mais sofisticado e funcional.<\/p>\n<p data-start=\"897\" data-end=\"1055\">Al\u00e9m disso, conta com acabamento em \u00f3leo 100% vegetal, livre de agentes qu\u00edmicos, oferecendo mais seguran\u00e7a para sua sa\u00fade e contribuindo com o meio ambiente.<\/p>\n","protected":false},"excerpt":{"rendered":"<p>Transforme suas refei\u00e7\u00f5es em verdadeiras experi\u00eancias gastron\u00f4micas. Com um design elegante e r\u00fastico, inspirado na tradi\u00e7\u00e3o da culin\u00e1ria mineira, ela valoriza a apresenta\u00e7\u00e3o dos seus pratos e impressiona em qualquer ocasi\u00e3o. Vers\u00e1til e pr\u00e1tica, pode ser utilizada em todos os tipos de fog\u00f5es \u2014 desde cooktop de indu\u00e7\u00e3o at\u00e9 fogo de ch\u00e3o \u2014 garantindo desempenho [&hellip;]<\/p>\n","protected":false},"featured_media":3146,"template":"","meta":{"_joinchat":[]},"product_brand":[279],"product_cat":[39],"product_tag":[],"class_list":{"0":"post-3141","1":"product","2":"type-product","3":"status-publish","4":"has-post-thumbnail","6":"product_brand-santana","7":"product_cat-tabuas","9":"first","10":"instock","11":"shipping-taxable","12":"purchasable","13":"product-type-simple"},"_links":{"self":[{"href":"https:\/\/reidastelhas.com.br\/loja\/wp-json\/wp\/v2\/product\/3141","targetHints":{"allow":["GET"]}}],"collection":[{"href":"https:\/\/reidastelhas.com.br\/loja\/wp-json\/wp\/v2\/product"}],"about":[{"href":"https:\/\/reidastelhas.com.br\/loja\/wp-json\/wp\/v2\/types\/product"}],"wp:featuredmedia":[{"embeddable":true,"href":"https:\/\/reidastelhas.com.br\/loja\/wp-json\/wp\/v2\/media\/3146"}],"wp:attachment":[{"href":"https:\/\/reidastelhas.com.br\/loja\/wp-json\/wp\/v2\/media?parent=3141"}],"wp:term":[{"taxonomy":"product_brand","embeddable":true,"href":"https:\/\/reidastelhas.com.br\/loja\/wp-json\/wp\/v2\/product_brand?post=3141"},{"taxonomy":"product_cat","embeddable":true,"href":"https:\/\/reidastelhas.com.br\/loja\/wp-json\/wp\/v2\/product_cat?post=3141"},{"taxonomy":"product_tag","embeddable":true,"href":"https:\/\/reidastelhas.com.br\/loja\/wp-json\/wp\/v2\/product_tag?post=3141"}],"curies":[{"name":"wp","href":"https:\/\/api.w.org\/{rel}","templated":true}]}}