{"id":3151,"date":"2026-04-22T11:29:09","date_gmt":"2026-04-22T14:29:09","guid":{"rendered":"https:\/\/reidastelhas.com.br\/loja\/?post_type=product&#038;p=3151"},"modified":"2026-04-22T11:29:09","modified_gmt":"2026-04-22T14:29:09","slug":"chapa-com-molheira-e-suporte-de-madeira","status":"publish","type":"product","link":"https:\/\/reidastelhas.com.br\/loja\/produto\/chapa-com-molheira-e-suporte-de-madeira\/","title":{"rendered":"Chapa com Molheira e Suporte de Madeira"},"content":{"rendered":"<p data-start=\"148\" data-end=\"443\">Leve mais sabor, sofistica\u00e7\u00e3o e praticidade para sua mesa com o conjunto de Chapa de Ferro Fundido. Ideal para servir por\u00e7\u00f5es com excelente apresenta\u00e7\u00e3o, \u00e9 muito utilizada em bares e restaurantes pela sua alta resist\u00eancia e capacidade de manter os alimentos quentes por muito mais tempo.<\/p>\n<p data-start=\"445\" data-end=\"700\">Produzida em ferro fundido de alta qualidade, a chapa proporciona um cozimento uniforme e eficiente, valorizando ainda mais o sabor dos alimentos. Acompanha 2 molheiras e um suporte de madeira, garantindo um servi\u00e7o completo, elegante e funcional.<\/p>\n<p data-start=\"702\" data-end=\"837\">Extremamente vers\u00e1til, pode ser utilizada diretamente em todos os tipos de fog\u00f5es: a g\u00e1s, lenha, el\u00e9trico e at\u00e9 cooktop de indu\u00e7\u00e3o.<\/p>\n<p data-start=\"839\" data-end=\"1104\">Al\u00e9m disso, os produtos oferecem benef\u00edcios reais para o dia a dia: maior durabilidade, economia de at\u00e9 35% de energia e contribui\u00e7\u00e3o para uma alimenta\u00e7\u00e3o mais saud\u00e1vel, j\u00e1 que o ferro fundido pode transferir pequenas quantidades de ferro para os alimentos.<\/p>\n","protected":false},"excerpt":{"rendered":"<p>Leve mais sabor, sofistica\u00e7\u00e3o e praticidade para sua mesa com o conjunto de Chapa de Ferro Fundido. Ideal para servir por\u00e7\u00f5es com excelente apresenta\u00e7\u00e3o, \u00e9 muito utilizada em bares e restaurantes pela sua alta resist\u00eancia e capacidade de manter os alimentos quentes por muito mais tempo. Produzida em ferro fundido de alta qualidade, a chapa [&hellip;]<\/p>\n","protected":false},"featured_media":3153,"template":"","meta":{"_joinchat":[]},"product_brand":[279],"product_cat":[39],"product_tag":[],"class_list":{"0":"post-3151","1":"product","2":"type-product","3":"status-publish","4":"has-post-thumbnail","6":"product_brand-santana","7":"product_cat-tabuas","9":"first","10":"instock","11":"shipping-taxable","12":"purchasable","13":"product-type-simple"},"_links":{"self":[{"href":"https:\/\/reidastelhas.com.br\/loja\/wp-json\/wp\/v2\/product\/3151","targetHints":{"allow":["GET"]}}],"collection":[{"href":"https:\/\/reidastelhas.com.br\/loja\/wp-json\/wp\/v2\/product"}],"about":[{"href":"https:\/\/reidastelhas.com.br\/loja\/wp-json\/wp\/v2\/types\/product"}],"wp:featuredmedia":[{"embeddable":true,"href":"https:\/\/reidastelhas.com.br\/loja\/wp-json\/wp\/v2\/media\/3153"}],"wp:attachment":[{"href":"https:\/\/reidastelhas.com.br\/loja\/wp-json\/wp\/v2\/media?parent=3151"}],"wp:term":[{"taxonomy":"product_brand","embeddable":true,"href":"https:\/\/reidastelhas.com.br\/loja\/wp-json\/wp\/v2\/product_brand?post=3151"},{"taxonomy":"product_cat","embeddable":true,"href":"https:\/\/reidastelhas.com.br\/loja\/wp-json\/wp\/v2\/product_cat?post=3151"},{"taxonomy":"product_tag","embeddable":true,"href":"https:\/\/reidastelhas.com.br\/loja\/wp-json\/wp\/v2\/product_tag?post=3151"}],"curies":[{"name":"wp","href":"https:\/\/api.w.org\/{rel}","templated":true}]}}