{"id":3154,"date":"2026-04-22T11:31:51","date_gmt":"2026-04-22T14:31:51","guid":{"rendered":"https:\/\/reidastelhas.com.br\/loja\/?post_type=product&#038;p=3154"},"modified":"2026-04-22T11:31:52","modified_gmt":"2026-04-22T14:31:52","slug":"bifeteira-2-alcas-de-madeira","status":"publish","type":"product","link":"https:\/\/reidastelhas.com.br\/loja\/produto\/bifeteira-2-alcas-de-madeira\/","title":{"rendered":"Bifeteira 2 Al\u00e7as de Madeira"},"content":{"rendered":"<p data-start=\"137\" data-end=\"406\">A Bifeteira \u00e9 o utens\u00edlio ideal para quem busca praticidade, seguran\u00e7a e resultados perfeitos na cozinha. Com um design funcional e elegante, conta com 2 al\u00e7as de madeira, que proporcionam mais conforto no manuseio e ajudam a evitar queimaduras.<\/p>\n<p data-start=\"408\" data-end=\"652\">Fabricada em ferro fundido de alta qualidade, garante aquecimento uniforme, deixando seus bifes, grelhados e outros preparos muito mais suculentos e saborosos. Al\u00e9m disso, mant\u00e9m o calor por mais tempo, ideal para servir diretamente \u00e0 mesa.<\/p>\n<p data-start=\"654\" data-end=\"816\">Seu revestimento 100% natural contribui para uma alimenta\u00e7\u00e3o mais saud\u00e1vel, preservando o sabor e os nutrientes dos alimentos, sem adi\u00e7\u00e3o de agentes qu\u00edmicos.<\/p>\n<p data-start=\"818\" data-end=\"933\">Resistente e dur\u00e1vel, \u00e9 um investimento para quem deseja elevar o n\u00edvel das suas receitas com praticidade e estilo.<\/p>\n","protected":false},"excerpt":{"rendered":"<p>A Bifeteira \u00e9 o utens\u00edlio ideal para quem busca praticidade, seguran\u00e7a e resultados perfeitos na cozinha. Com um design funcional e elegante, conta com 2 al\u00e7as de madeira, que proporcionam mais conforto no manuseio e ajudam a evitar queimaduras. Fabricada em ferro fundido de alta qualidade, garante aquecimento uniforme, deixando seus bifes, grelhados e outros [&hellip;]<\/p>\n","protected":false},"featured_media":3156,"template":"","meta":{"_joinchat":[]},"product_brand":[279],"product_cat":[39],"product_tag":[],"class_list":{"0":"post-3154","1":"product","2":"type-product","3":"status-publish","4":"has-post-thumbnail","6":"product_brand-santana","7":"product_cat-tabuas","9":"first","10":"instock","11":"shipping-taxable","12":"purchasable","13":"product-type-simple"},"_links":{"self":[{"href":"https:\/\/reidastelhas.com.br\/loja\/wp-json\/wp\/v2\/product\/3154","targetHints":{"allow":["GET"]}}],"collection":[{"href":"https:\/\/reidastelhas.com.br\/loja\/wp-json\/wp\/v2\/product"}],"about":[{"href":"https:\/\/reidastelhas.com.br\/loja\/wp-json\/wp\/v2\/types\/product"}],"wp:featuredmedia":[{"embeddable":true,"href":"https:\/\/reidastelhas.com.br\/loja\/wp-json\/wp\/v2\/media\/3156"}],"wp:attachment":[{"href":"https:\/\/reidastelhas.com.br\/loja\/wp-json\/wp\/v2\/media?parent=3154"}],"wp:term":[{"taxonomy":"product_brand","embeddable":true,"href":"https:\/\/reidastelhas.com.br\/loja\/wp-json\/wp\/v2\/product_brand?post=3154"},{"taxonomy":"product_cat","embeddable":true,"href":"https:\/\/reidastelhas.com.br\/loja\/wp-json\/wp\/v2\/product_cat?post=3154"},{"taxonomy":"product_tag","embeddable":true,"href":"https:\/\/reidastelhas.com.br\/loja\/wp-json\/wp\/v2\/product_tag?post=3154"}],"curies":[{"name":"wp","href":"https:\/\/api.w.org\/{rel}","templated":true}]}}