{"id":3157,"date":"2026-04-22T14:15:18","date_gmt":"2026-04-22T17:15:18","guid":{"rendered":"https:\/\/reidastelhas.com.br\/loja\/?post_type=product&#038;p=3157"},"modified":"2026-04-22T14:15:18","modified_gmt":"2026-04-22T17:15:18","slug":"cacarola-alca-de-madeira-com-tampa-de-ferro","status":"publish","type":"product","link":"https:\/\/reidastelhas.com.br\/loja\/produto\/cacarola-alca-de-madeira-com-tampa-de-ferro\/","title":{"rendered":"Ca\u00e7arola Al\u00e7a de Madeira com Tampa de Ferro"},"content":{"rendered":"<p data-start=\"146\" data-end=\"413\">Se voc\u00ea busca um utens\u00edlio dur\u00e1vel, vers\u00e1til e altamente resistente para o dia a dia, a Ca\u00e7arola \u00e9 a escolha certa. Ideal para o preparo de arroz, feij\u00e3o, frango, legumes e diversas receitas, ela entrega desempenho superior e muito mais sabor em cada preparo.<\/p>\n<p data-start=\"415\" data-end=\"653\">Fabricada em ferro fundido, possui fundo frisado, que amplia a \u00e1rea de contato com o calor, garantindo um cozimento uniforme e eficiente. O resultado s\u00e3o alimentos mais bem preparados, suculentos e com aquele aspecto irresist\u00edvel.<\/p>\n<p data-start=\"655\" data-end=\"879\">Pensada para facilitar sua rotina, conta com bordas arredondadas, que tornam a limpeza muito mais pr\u00e1tica. Al\u00e9m disso, acompanha tampa de ferro e al\u00e7as de madeira, proporcionando seguran\u00e7a e conforto no manuseio.<\/p>\n<p data-start=\"881\" data-end=\"1010\">Extremamente vers\u00e1til, pode ser utilizada em todos os tipos de fog\u00f5es: a g\u00e1s, lenha, el\u00e9trico e tamb\u00e9m em cooktop de indu\u00e7\u00e3o.<\/p>\n<p data-start=\"1012\" data-end=\"1187\">Outro grande diferencial est\u00e1 no seu acabamento: revestida com \u00f3leo 100% vegetal, livre de agentes qu\u00edmicos, contribuindo para uma alimenta\u00e7\u00e3o mais saud\u00e1vel e sustent\u00e1vel.<\/p>\n","protected":false},"excerpt":{"rendered":"<p>Se voc\u00ea busca um utens\u00edlio dur\u00e1vel, vers\u00e1til e altamente resistente para o dia a dia, a Ca\u00e7arola \u00e9 a escolha certa. Ideal para o preparo de arroz, feij\u00e3o, frango, legumes e diversas receitas, ela entrega desempenho superior e muito mais sabor em cada preparo. Fabricada em ferro fundido, possui fundo frisado, que amplia a \u00e1rea [&hellip;]<\/p>\n","protected":false},"featured_media":3161,"template":"","meta":{"_joinchat":[]},"product_brand":[279],"product_cat":[39],"product_tag":[],"class_list":{"0":"post-3157","1":"product","2":"type-product","3":"status-publish","4":"has-post-thumbnail","6":"product_brand-santana","7":"product_cat-tabuas","9":"first","10":"instock","11":"shipping-taxable","12":"purchasable","13":"product-type-simple"},"_links":{"self":[{"href":"https:\/\/reidastelhas.com.br\/loja\/wp-json\/wp\/v2\/product\/3157","targetHints":{"allow":["GET"]}}],"collection":[{"href":"https:\/\/reidastelhas.com.br\/loja\/wp-json\/wp\/v2\/product"}],"about":[{"href":"https:\/\/reidastelhas.com.br\/loja\/wp-json\/wp\/v2\/types\/product"}],"wp:featuredmedia":[{"embeddable":true,"href":"https:\/\/reidastelhas.com.br\/loja\/wp-json\/wp\/v2\/media\/3161"}],"wp:attachment":[{"href":"https:\/\/reidastelhas.com.br\/loja\/wp-json\/wp\/v2\/media?parent=3157"}],"wp:term":[{"taxonomy":"product_brand","embeddable":true,"href":"https:\/\/reidastelhas.com.br\/loja\/wp-json\/wp\/v2\/product_brand?post=3157"},{"taxonomy":"product_cat","embeddable":true,"href":"https:\/\/reidastelhas.com.br\/loja\/wp-json\/wp\/v2\/product_cat?post=3157"},{"taxonomy":"product_tag","embeddable":true,"href":"https:\/\/reidastelhas.com.br\/loja\/wp-json\/wp\/v2\/product_tag?post=3157"}],"curies":[{"name":"wp","href":"https:\/\/api.w.org\/{rel}","templated":true}]}}