{"id":3164,"date":"2026-04-22T14:21:16","date_gmt":"2026-04-22T17:21:16","guid":{"rendered":"https:\/\/reidastelhas.com.br\/loja\/?post_type=product&#038;p=3164"},"modified":"2026-04-22T14:21:16","modified_gmt":"2026-04-22T17:21:16","slug":"fogareiro-tripe-com-bifeteira-molheiras-e-suporte-de-madeira","status":"publish","type":"product","link":"https:\/\/reidastelhas.com.br\/loja\/produto\/fogareiro-tripe-com-bifeteira-molheiras-e-suporte-de-madeira\/","title":{"rendered":"Fogareiro Trip\u00e9 com Bifeteira Molheiras e Suporte de madeira"},"content":{"rendered":"<p data-start=\"152\" data-end=\"353\">Transforme qualquer refei\u00e7\u00e3o em uma experi\u00eancia especial com o Fogareiro Trip\u00e9. Um conjunto completo que une tradi\u00e7\u00e3o, funcionalidade e um visual sofisticado para preparar e servir com estilo.<\/p>\n<p data-start=\"355\" data-end=\"559\">Com design inteligente, combina a praticidade do fogareiro com a versatilidade da bifeteira, permitindo o preparo de carnes, grelhados e diversas receitas com efici\u00eancia e excelente distribui\u00e7\u00e3o de calor.<\/p>\n<p data-start=\"561\" data-end=\"735\">Acompanha molheiras e suporte de madeira, trazendo mais organiza\u00e7\u00e3o e eleg\u00e2ncia na hora de servir, ideal para impressionar em encontros, reuni\u00f5es ou uso profissional.<\/p>\n<p data-start=\"737\" data-end=\"963\">Fabricado em ferro fundido de alta qualidade, garante resist\u00eancia, durabilidade e reten\u00e7\u00e3o de calor por muito mais tempo. Seu acabamento com \u00f3leo 100% vegetal oferece uma op\u00e7\u00e3o mais saud\u00e1vel, livre de agentes qu\u00edmicos.<\/p>\n<p data-start=\"965\" data-end=\"1076\">Mais do que um utens\u00edlio, \u00e9 uma pe\u00e7a que valoriza a apresenta\u00e7\u00e3o dos pratos e eleva sua experi\u00eancia na cozinha.<\/p>\n","protected":false},"excerpt":{"rendered":"<p>Transforme qualquer refei\u00e7\u00e3o em uma experi\u00eancia especial com o Fogareiro Trip\u00e9. Um conjunto completo que une tradi\u00e7\u00e3o, funcionalidade e um visual sofisticado para preparar e servir com estilo. Com design inteligente, combina a praticidade do fogareiro com a versatilidade da bifeteira, permitindo o preparo de carnes, grelhados e diversas receitas com efici\u00eancia e excelente distribui\u00e7\u00e3o [&hellip;]<\/p>\n","protected":false},"featured_media":3171,"template":"","meta":{"_joinchat":[]},"product_brand":[279],"product_cat":[39],"product_tag":[],"class_list":{"0":"post-3164","1":"product","2":"type-product","3":"status-publish","4":"has-post-thumbnail","6":"product_brand-santana","7":"product_cat-tabuas","9":"first","10":"instock","11":"shipping-taxable","12":"purchasable","13":"product-type-simple"},"_links":{"self":[{"href":"https:\/\/reidastelhas.com.br\/loja\/wp-json\/wp\/v2\/product\/3164","targetHints":{"allow":["GET"]}}],"collection":[{"href":"https:\/\/reidastelhas.com.br\/loja\/wp-json\/wp\/v2\/product"}],"about":[{"href":"https:\/\/reidastelhas.com.br\/loja\/wp-json\/wp\/v2\/types\/product"}],"wp:featuredmedia":[{"embeddable":true,"href":"https:\/\/reidastelhas.com.br\/loja\/wp-json\/wp\/v2\/media\/3171"}],"wp:attachment":[{"href":"https:\/\/reidastelhas.com.br\/loja\/wp-json\/wp\/v2\/media?parent=3164"}],"wp:term":[{"taxonomy":"product_brand","embeddable":true,"href":"https:\/\/reidastelhas.com.br\/loja\/wp-json\/wp\/v2\/product_brand?post=3164"},{"taxonomy":"product_cat","embeddable":true,"href":"https:\/\/reidastelhas.com.br\/loja\/wp-json\/wp\/v2\/product_cat?post=3164"},{"taxonomy":"product_tag","embeddable":true,"href":"https:\/\/reidastelhas.com.br\/loja\/wp-json\/wp\/v2\/product_tag?post=3164"}],"curies":[{"name":"wp","href":"https:\/\/api.w.org\/{rel}","templated":true}]}}