{"id":3172,"date":"2026-04-22T14:25:43","date_gmt":"2026-04-22T17:25:43","guid":{"rendered":"https:\/\/reidastelhas.com.br\/loja\/?post_type=product&#038;p=3172"},"modified":"2026-04-22T14:25:43","modified_gmt":"2026-04-22T17:25:43","slug":"fondue-com-molheiras-e-suporte-de-madeira","status":"publish","type":"product","link":"https:\/\/reidastelhas.com.br\/loja\/produto\/fondue-com-molheiras-e-suporte-de-madeira\/","title":{"rendered":"Fondue com Molheiras e Suporte de Madeira"},"content":{"rendered":"<p data-start=\"168\" data-end=\"372\">Transforme seus momentos em experi\u00eancias inesquec\u00edveis com o Jogo de Fondue. Ideal para reunir fam\u00edlia e amigos, ele combina tradi\u00e7\u00e3o, qualidade e um design elegante que valoriza qualquer ocasi\u00e3o.<\/p>\n<p data-start=\"374\" data-end=\"582\">Fabricado em ferro fundido, proporciona distribui\u00e7\u00e3o uniforme de calor e mant\u00e9m o fondue aquecido por muito mais tempo, garantindo sabor e consist\u00eancia perfeitos, seja para receitas doces ou salgadas.<br \/>\nO conjunto \u00e9 completo e pensado para oferecer praticidade e sofistica\u00e7\u00e3o na hora de servir:<\/p>\n<p data-start=\"677\" data-end=\"696\">Itens inclusos:<\/p>\n<ul data-start=\"697\" data-end=\"844\">\n<li data-section-id=\"vg43g7\" data-start=\"697\" data-end=\"738\">01 Panela de fondue (capacidade 1,6L)<\/li>\n<li data-section-id=\"d6zdwm\" data-start=\"739\" data-end=\"764\">01 Fogareiro a \u00e1lcool<\/li>\n<li data-section-id=\"1f5ww5\" data-start=\"765\" data-end=\"790\">01 Suporte de madeira<\/li>\n<li data-section-id=\"y5uy4b\" data-start=\"791\" data-end=\"829\">03 Molheiras de ferro (110ml cada)<\/li>\n<li data-section-id=\"msvobp\" data-start=\"830\" data-end=\"844\">06 Espetos<\/li>\n<\/ul>\n<p data-start=\"846\" data-end=\"1022\">Al\u00e9m da durabilidade incompar\u00e1vel do ferro fundido, o produto conta com revestimento natural, livre de agentes qu\u00edmicos, proporcionando mais seguran\u00e7a para sua alimenta\u00e7\u00e3o.<br \/>\nPerfeito para noites especiais, encontros ou at\u00e9 para uso profissional, trazendo charme e aconchego para a sua mesa.<\/p>\n","protected":false},"excerpt":{"rendered":"<p>Transforme seus momentos em experi\u00eancias inesquec\u00edveis com o Jogo de Fondue. Ideal para reunir fam\u00edlia e amigos, ele combina tradi\u00e7\u00e3o, qualidade e um design elegante que valoriza qualquer ocasi\u00e3o. Fabricado em ferro fundido, proporciona distribui\u00e7\u00e3o uniforme de calor e mant\u00e9m o fondue aquecido por muito mais tempo, garantindo sabor e consist\u00eancia perfeitos, seja para receitas [&hellip;]<\/p>\n","protected":false},"featured_media":3177,"template":"","meta":{"_joinchat":[]},"product_brand":[279],"product_cat":[39],"product_tag":[],"class_list":{"0":"post-3172","1":"product","2":"type-product","3":"status-publish","4":"has-post-thumbnail","6":"product_brand-santana","7":"product_cat-tabuas","9":"first","10":"instock","11":"shipping-taxable","12":"purchasable","13":"product-type-simple"},"_links":{"self":[{"href":"https:\/\/reidastelhas.com.br\/loja\/wp-json\/wp\/v2\/product\/3172","targetHints":{"allow":["GET"]}}],"collection":[{"href":"https:\/\/reidastelhas.com.br\/loja\/wp-json\/wp\/v2\/product"}],"about":[{"href":"https:\/\/reidastelhas.com.br\/loja\/wp-json\/wp\/v2\/types\/product"}],"wp:featuredmedia":[{"embeddable":true,"href":"https:\/\/reidastelhas.com.br\/loja\/wp-json\/wp\/v2\/media\/3177"}],"wp:attachment":[{"href":"https:\/\/reidastelhas.com.br\/loja\/wp-json\/wp\/v2\/media?parent=3172"}],"wp:term":[{"taxonomy":"product_brand","embeddable":true,"href":"https:\/\/reidastelhas.com.br\/loja\/wp-json\/wp\/v2\/product_brand?post=3172"},{"taxonomy":"product_cat","embeddable":true,"href":"https:\/\/reidastelhas.com.br\/loja\/wp-json\/wp\/v2\/product_cat?post=3172"},{"taxonomy":"product_tag","embeddable":true,"href":"https:\/\/reidastelhas.com.br\/loja\/wp-json\/wp\/v2\/product_tag?post=3172"}],"curies":[{"name":"wp","href":"https:\/\/api.w.org\/{rel}","templated":true}]}}