{"id":3183,"date":"2026-04-22T14:42:29","date_gmt":"2026-04-22T17:42:29","guid":{"rendered":"https:\/\/reidastelhas.com.br\/loja\/?post_type=product&#038;p=3183"},"modified":"2026-04-22T14:42:29","modified_gmt":"2026-04-22T17:42:29","slug":"sanduicheira-forma-dupla","status":"publish","type":"product","link":"https:\/\/reidastelhas.com.br\/loja\/produto\/sanduicheira-forma-dupla\/","title":{"rendered":"Sanduicheira Forma Dupla"},"content":{"rendered":"<p data-start=\"156\" data-end=\"387\">Mais praticidade e sabor no seu dia a dia com a Sanduicheira Dupla. Ideal para quem busca agilidade na cozinha, ela permite preparar duas por\u00e7\u00f5es ao mesmo tempo, otimizando seu tempo sem abrir m\u00e3o da qualidade.<\/p>\n<p data-start=\"389\" data-end=\"614\">Fabricada em ferro fundido de alta resist\u00eancia, proporciona aquecimento uniforme, garantindo sandu\u00edches crocantes por fora e suculentos por dentro, al\u00e9m de ser perfeita para grelhar carnes, legumes e outros alimentos.<\/p>\n<p data-start=\"616\" data-end=\"810\">Conta com revestimento em \u00f3leo 100% vegetal, aplicado de forma natural e livre de produtos qu\u00edmicos, oferecendo mais seguran\u00e7a para sua sa\u00fade e contribuindo para um consumo mais sustent\u00e1vel.<\/p>\n<p data-start=\"812\" data-end=\"925\">Seu design robusto e funcional torna o preparo muito mais simples, sendo uma excelente escolha para o uso di\u00e1rio.<\/p>\n","protected":false},"excerpt":{"rendered":"<p>Mais praticidade e sabor no seu dia a dia com a Sanduicheira Dupla. Ideal para quem busca agilidade na cozinha, ela permite preparar duas por\u00e7\u00f5es ao mesmo tempo, otimizando seu tempo sem abrir m\u00e3o da qualidade. Fabricada em ferro fundido de alta resist\u00eancia, proporciona aquecimento uniforme, garantindo sandu\u00edches crocantes por fora e suculentos por dentro, [&hellip;]<\/p>\n","protected":false},"featured_media":3186,"template":"","meta":{"_joinchat":[]},"product_brand":[279],"product_cat":[39],"product_tag":[],"class_list":{"0":"post-3183","1":"product","2":"type-product","3":"status-publish","4":"has-post-thumbnail","6":"product_brand-santana","7":"product_cat-tabuas","9":"first","10":"instock","11":"shipping-taxable","12":"purchasable","13":"product-type-simple"},"_links":{"self":[{"href":"https:\/\/reidastelhas.com.br\/loja\/wp-json\/wp\/v2\/product\/3183","targetHints":{"allow":["GET"]}}],"collection":[{"href":"https:\/\/reidastelhas.com.br\/loja\/wp-json\/wp\/v2\/product"}],"about":[{"href":"https:\/\/reidastelhas.com.br\/loja\/wp-json\/wp\/v2\/types\/product"}],"wp:featuredmedia":[{"embeddable":true,"href":"https:\/\/reidastelhas.com.br\/loja\/wp-json\/wp\/v2\/media\/3186"}],"wp:attachment":[{"href":"https:\/\/reidastelhas.com.br\/loja\/wp-json\/wp\/v2\/media?parent=3183"}],"wp:term":[{"taxonomy":"product_brand","embeddable":true,"href":"https:\/\/reidastelhas.com.br\/loja\/wp-json\/wp\/v2\/product_brand?post=3183"},{"taxonomy":"product_cat","embeddable":true,"href":"https:\/\/reidastelhas.com.br\/loja\/wp-json\/wp\/v2\/product_cat?post=3183"},{"taxonomy":"product_tag","embeddable":true,"href":"https:\/\/reidastelhas.com.br\/loja\/wp-json\/wp\/v2\/product_tag?post=3183"}],"curies":[{"name":"wp","href":"https:\/\/api.w.org\/{rel}","templated":true}]}}