{"id":3194,"date":"2026-04-22T15:00:19","date_gmt":"2026-04-22T18:00:19","guid":{"rendered":"https:\/\/reidastelhas.com.br\/loja\/?post_type=product&#038;p=3194"},"modified":"2026-04-22T15:00:19","modified_gmt":"2026-04-22T18:00:19","slug":"waffle-com-cabo-de-madeira","status":"publish","type":"product","link":"https:\/\/reidastelhas.com.br\/loja\/produto\/waffle-com-cabo-de-madeira\/","title":{"rendered":"Waffle com Cabo de Madeira"},"content":{"rendered":"<p data-start=\"136\" data-end=\"340\">Praticidade e sabor para o seu dia a dia com a Waffle. Ideal para preparar waffles deliciosos com facilidade, ela combina tradi\u00e7\u00e3o e efici\u00eancia para entregar resultados perfeitos em cada receita.<\/p>\n<p data-start=\"342\" data-end=\"580\">Produzida em ferro fundido, garante distribui\u00e7\u00e3o uniforme de calor, deixando seus waffles crocantes por fora e macios por dentro. O cabo de madeira proporciona mais conforto e seguran\u00e7a no manuseio, permanecendo frio ao toque.<\/p>\n<p data-start=\"582\" data-end=\"768\">Seu revestimento em \u00f3leo 100% vegetal facilita tanto o preparo quanto a limpeza, ajudando a evitar que a massa grude, al\u00e9m de ser uma op\u00e7\u00e3o mais saud\u00e1vel e livre de agentes qu\u00edmicos.<\/p>\n<p data-start=\"770\" data-end=\"878\">Vers\u00e1til, pode ser utilizada em diversos tipos de fog\u00e3o, como g\u00e1s, el\u00e9trico, lenha e cooktop de indu\u00e7\u00e3o.<\/p>\n","protected":false},"excerpt":{"rendered":"<p>Praticidade e sabor para o seu dia a dia com a Waffle. Ideal para preparar waffles deliciosos com facilidade, ela combina tradi\u00e7\u00e3o e efici\u00eancia para entregar resultados perfeitos em cada receita. Produzida em ferro fundido, garante distribui\u00e7\u00e3o uniforme de calor, deixando seus waffles crocantes por fora e macios por dentro. O cabo de madeira proporciona [&hellip;]<\/p>\n","protected":false},"featured_media":3200,"template":"","meta":{"_joinchat":[]},"product_brand":[279],"product_cat":[39],"product_tag":[],"class_list":{"0":"post-3194","1":"product","2":"type-product","3":"status-publish","4":"has-post-thumbnail","6":"product_brand-santana","7":"product_cat-tabuas","9":"first","10":"instock","11":"shipping-taxable","12":"purchasable","13":"product-type-simple"},"_links":{"self":[{"href":"https:\/\/reidastelhas.com.br\/loja\/wp-json\/wp\/v2\/product\/3194","targetHints":{"allow":["GET"]}}],"collection":[{"href":"https:\/\/reidastelhas.com.br\/loja\/wp-json\/wp\/v2\/product"}],"about":[{"href":"https:\/\/reidastelhas.com.br\/loja\/wp-json\/wp\/v2\/types\/product"}],"wp:featuredmedia":[{"embeddable":true,"href":"https:\/\/reidastelhas.com.br\/loja\/wp-json\/wp\/v2\/media\/3200"}],"wp:attachment":[{"href":"https:\/\/reidastelhas.com.br\/loja\/wp-json\/wp\/v2\/media?parent=3194"}],"wp:term":[{"taxonomy":"product_brand","embeddable":true,"href":"https:\/\/reidastelhas.com.br\/loja\/wp-json\/wp\/v2\/product_brand?post=3194"},{"taxonomy":"product_cat","embeddable":true,"href":"https:\/\/reidastelhas.com.br\/loja\/wp-json\/wp\/v2\/product_cat?post=3194"},{"taxonomy":"product_tag","embeddable":true,"href":"https:\/\/reidastelhas.com.br\/loja\/wp-json\/wp\/v2\/product_tag?post=3194"}],"curies":[{"name":"wp","href":"https:\/\/api.w.org\/{rel}","templated":true}]}}