{"id":361,"date":"2025-10-27T17:37:31","date_gmt":"2025-10-27T20:37:31","guid":{"rendered":"https:\/\/reidastelhas.com.br\/loja\/?post_type=product&#038;p=361"},"modified":"2025-11-07T16:49:48","modified_gmt":"2025-11-07T19:49:48","slug":"telha-portuguesa-natural","status":"publish","type":"product","link":"https:\/\/reidastelhas.com.br\/loja\/produto\/telha-portuguesa-natural\/","title":{"rendered":"Telha Portuguesa Natural"},"content":{"rendered":"<p>A\u00a0<strong>Telha Portuguesa<\/strong>\u00a0\u00e9 o resultado da evolu\u00e7\u00e3o da antiga e tradicional telha colonial.<\/p>\n<p>Composta por capa e canal em uma \u00fanica pe\u00e7a, tornou-se mais econ\u00f4mica com apenas 17 unidades por m2.<\/p>\n<p>Seu design com encaixes modernos e sofisticados, permite maior estabilidade sobre o ripamento melhorando consideravelmente a qualidade t\u00e9cnica do produto.<\/p>\n","protected":false},"excerpt":{"rendered":"<p><b>Rendimento de<\/b> <strong>15 \u00e0 17 pe\u00e7as por m\u00b2<\/strong><\/p>\n","protected":false},"featured_media":372,"template":"","meta":{"_joinchat":[]},"product_brand":[74,71,70,73,72],"product_cat":[53,49],"product_tag":[80,77,75,76,78],"class_list":{"0":"post-361","1":"product","2":"type-product","3":"status-publish","4":"has-post-thumbnail","6":"product_brand-cemisil","7":"product_brand-cipo","8":"product_brand-isoppo","9":"product_brand-lelo","10":"product_brand-silva","11":"product_cat-telha-natural","12":"product_cat-telhas","13":"product_tag-telha-colonial-portuguesa","14":"product_tag-telha-portuguesa-barro-natural","15":"product_tag-telha-portuguesa-ceramica","16":"product_tag-telha-portuguesa-vermelha","17":"product_tag-telha-tradicional-portuguesa","19":"first","20":"instock","21":"shipping-taxable","22":"purchasable","23":"product-type-variable"},"_links":{"self":[{"href":"https:\/\/reidastelhas.com.br\/loja\/wp-json\/wp\/v2\/product\/361","targetHints":{"allow":["GET"]}}],"collection":[{"href":"https:\/\/reidastelhas.com.br\/loja\/wp-json\/wp\/v2\/product"}],"about":[{"href":"https:\/\/reidastelhas.com.br\/loja\/wp-json\/wp\/v2\/types\/product"}],"wp:featuredmedia":[{"embeddable":true,"href":"https:\/\/reidastelhas.com.br\/loja\/wp-json\/wp\/v2\/media\/372"}],"wp:attachment":[{"href":"https:\/\/reidastelhas.com.br\/loja\/wp-json\/wp\/v2\/media?parent=361"}],"wp:term":[{"taxonomy":"product_brand","embeddable":true,"href":"https:\/\/reidastelhas.com.br\/loja\/wp-json\/wp\/v2\/product_brand?post=361"},{"taxonomy":"product_cat","embeddable":true,"href":"https:\/\/reidastelhas.com.br\/loja\/wp-json\/wp\/v2\/product_cat?post=361"},{"taxonomy":"product_tag","embeddable":true,"href":"https:\/\/reidastelhas.com.br\/loja\/wp-json\/wp\/v2\/product_tag?post=361"}],"curies":[{"name":"wp","href":"https:\/\/api.w.org\/{rel}","templated":true}]}}