{"id":385,"date":"2025-10-28T09:50:37","date_gmt":"2025-10-28T12:50:37","guid":{"rendered":"https:\/\/reidastelhas.com.br\/loja\/?post_type=product&#038;p=385"},"modified":"2025-11-04T15:14:24","modified_gmt":"2025-11-04T18:14:24","slug":"telha-romana","status":"publish","type":"product","link":"https:\/\/reidastelhas.com.br\/loja\/produto\/telha-romana\/","title":{"rendered":"Telha Romana Natural"},"content":{"rendered":"<p>A <strong>Telha Romana<\/strong>\u00a0\u00e9 o resultado da evolu\u00e7\u00e3o da antiga telha plan, que por sua vez j\u00e1 havia sido criada como varia\u00e7\u00e3o est\u00e9tica da tradicional telha colonial.<\/p>\n<p>Composta por capa e canal em uma \u00fanica pe\u00e7a, tornou-se mais econ\u00f4mica com apenas 17 unidades por m<sup>2<\/sup>.<\/p>\n<p>Seu design com encaixes modernos e sofisticados, permite maior estabilidade sobre o ripamento melhorando consideravelmente a qualidade t\u00e9cnica do produto.<\/p>\n","protected":false},"excerpt":{"rendered":"<p><b>Rendimento de <\/b><strong>15 a 17 pe\u00e7as por m\u00b2<\/strong><\/p>\n","protected":false},"featured_media":528,"template":"","meta":{"_joinchat":[]},"product_brand":[74,71,70,73,72],"product_cat":[53,49],"product_tag":[86,88,84,90,87,83,85,89],"class_list":{"0":"post-385","1":"product","2":"type-product","3":"status-publish","4":"has-post-thumbnail","6":"product_brand-cemisil","7":"product_brand-cipo","8":"product_brand-isoppo","9":"product_brand-lelo","10":"product_brand-silva","11":"product_cat-telha-natural","12":"product_cat-telhas","13":"product_tag-telha-romana-branca","14":"product_tag-telha-romana-branco-mesclado","15":"product_tag-telha-romana-ceramica","16":"product_tag-telha-romana-de-barro","17":"product_tag-telha-romana-mesclada","18":"product_tag-telha-romana-natural","19":"product_tag-telha-romana-tradicional","20":"product_tag-telha-romana-vermelho","22":"first","23":"instock","24":"shipping-taxable","25":"purchasable","26":"product-type-variable"},"_links":{"self":[{"href":"https:\/\/reidastelhas.com.br\/loja\/wp-json\/wp\/v2\/product\/385","targetHints":{"allow":["GET"]}}],"collection":[{"href":"https:\/\/reidastelhas.com.br\/loja\/wp-json\/wp\/v2\/product"}],"about":[{"href":"https:\/\/reidastelhas.com.br\/loja\/wp-json\/wp\/v2\/types\/product"}],"wp:featuredmedia":[{"embeddable":true,"href":"https:\/\/reidastelhas.com.br\/loja\/wp-json\/wp\/v2\/media\/528"}],"wp:attachment":[{"href":"https:\/\/reidastelhas.com.br\/loja\/wp-json\/wp\/v2\/media?parent=385"}],"wp:term":[{"taxonomy":"product_brand","embeddable":true,"href":"https:\/\/reidastelhas.com.br\/loja\/wp-json\/wp\/v2\/product_brand?post=385"},{"taxonomy":"product_cat","embeddable":true,"href":"https:\/\/reidastelhas.com.br\/loja\/wp-json\/wp\/v2\/product_cat?post=385"},{"taxonomy":"product_tag","embeddable":true,"href":"https:\/\/reidastelhas.com.br\/loja\/wp-json\/wp\/v2\/product_tag?post=385"}],"curies":[{"name":"wp","href":"https:\/\/api.w.org\/{rel}","templated":true}]}}