{"id":513,"date":"2025-11-04T15:29:43","date_gmt":"2025-11-04T18:29:43","guid":{"rendered":"https:\/\/reidastelhas.com.br\/loja\/?post_type=product&#038;p=513"},"modified":"2025-11-07T16:49:09","modified_gmt":"2025-11-07T19:49:09","slug":"telha-americana-natural","status":"publish","type":"product","link":"https:\/\/reidastelhas.com.br\/loja\/produto\/telha-americana-natural\/","title":{"rendered":"Telha Americana Natural"},"content":{"rendered":"<p>Com um design moderno e encaixe eficiente, \u00e9 ideal para obras que buscam agilidade na instala\u00e7\u00e3o e excelente veda\u00e7\u00e3o. Seu formato proporciona um \u00f3timo escoamento da \u00e1gua e maior resist\u00eancia aos ventos.<\/p>\n","protected":false},"excerpt":{"rendered":"<p><strong>Rendimento de 12 pe\u00e7as por m\u00b2\u00a0<\/strong><\/p>\n","protected":false},"featured_media":643,"template":"","meta":{"_joinchat":[]},"product_brand":[72],"product_cat":[53,49],"product_tag":[93,95,94,97,96],"class_list":{"0":"post-513","1":"product","2":"type-product","3":"status-publish","4":"has-post-thumbnail","6":"product_brand-silva","7":"product_cat-telha-natural","8":"product_cat-telhas","9":"product_tag-telha-americana-natural","10":"product_tag-telha-americana-tradicional","11":"product_tag-telha-ceramica-americana","12":"product_tag-telha-colonial-americana","13":"product_tag-telha-de-barro-americana","15":"first","16":"instock","17":"shipping-taxable","18":"purchasable","19":"product-type-variable"},"_links":{"self":[{"href":"https:\/\/reidastelhas.com.br\/loja\/wp-json\/wp\/v2\/product\/513","targetHints":{"allow":["GET"]}}],"collection":[{"href":"https:\/\/reidastelhas.com.br\/loja\/wp-json\/wp\/v2\/product"}],"about":[{"href":"https:\/\/reidastelhas.com.br\/loja\/wp-json\/wp\/v2\/types\/product"}],"wp:featuredmedia":[{"embeddable":true,"href":"https:\/\/reidastelhas.com.br\/loja\/wp-json\/wp\/v2\/media\/643"}],"wp:attachment":[{"href":"https:\/\/reidastelhas.com.br\/loja\/wp-json\/wp\/v2\/media?parent=513"}],"wp:term":[{"taxonomy":"product_brand","embeddable":true,"href":"https:\/\/reidastelhas.com.br\/loja\/wp-json\/wp\/v2\/product_brand?post=513"},{"taxonomy":"product_cat","embeddable":true,"href":"https:\/\/reidastelhas.com.br\/loja\/wp-json\/wp\/v2\/product_cat?post=513"},{"taxonomy":"product_tag","embeddable":true,"href":"https:\/\/reidastelhas.com.br\/loja\/wp-json\/wp\/v2\/product_tag?post=513"}],"curies":[{"name":"wp","href":"https:\/\/api.w.org\/{rel}","templated":true}]}}