{"id":518,"date":"2025-10-31T17:23:44","date_gmt":"2025-10-31T20:23:44","guid":{"rendered":"https:\/\/reidastelhas.com.br\/loja\/?post_type=product&#038;p=518"},"modified":"2025-11-05T19:56:29","modified_gmt":"2025-11-05T22:56:29","slug":"telha-francesa-natural","status":"publish","type":"product","link":"https:\/\/reidastelhas.com.br\/loja\/produto\/telha-francesa-natural\/","title":{"rendered":"Telha Francesa Natural"},"content":{"rendered":"<p>A telha francesa \u00e9 um tipo de telha de barro plana e retangular que possui bordas abauladas, para facilitar seu encaixe. \u00c9 um tipo de telha utilizado h\u00e1 mais de 300 anos, o que a torna uma das telhas mais populares do pa\u00eds. Principalmente para utiliza\u00e7\u00e3o em telhados\u00a0mais\u00a0antigos.<\/p>\n","protected":false},"excerpt":{"rendered":"<p>Rendimento de 17 pe\u00e7as por m\u00b2<\/p>\n","protected":false},"featured_media":526,"template":"","meta":{"_joinchat":[]},"product_brand":[98],"product_cat":[53,49],"product_tag":[101,103,102,99,100,104],"class_list":{"0":"post-518","1":"product","2":"type-product","3":"status-publish","4":"has-post-thumbnail","6":"product_brand-ceramica-roberta","7":"product_cat-telha-natural","8":"product_cat-telhas","9":"product_tag-telha-ceramica-francesa","10":"product_tag-telha-colonial-francesa","11":"product_tag-telha-de-barro-francesa","12":"product_tag-telha-francesa-natural","13":"product_tag-telha-modelo-francesa","14":"product_tag-telha-tradicional-francesa","16":"first","17":"instock","18":"shipping-taxable","19":"purchasable","20":"product-type-variable"},"_links":{"self":[{"href":"https:\/\/reidastelhas.com.br\/loja\/wp-json\/wp\/v2\/product\/518","targetHints":{"allow":["GET"]}}],"collection":[{"href":"https:\/\/reidastelhas.com.br\/loja\/wp-json\/wp\/v2\/product"}],"about":[{"href":"https:\/\/reidastelhas.com.br\/loja\/wp-json\/wp\/v2\/types\/product"}],"wp:featuredmedia":[{"embeddable":true,"href":"https:\/\/reidastelhas.com.br\/loja\/wp-json\/wp\/v2\/media\/526"}],"wp:attachment":[{"href":"https:\/\/reidastelhas.com.br\/loja\/wp-json\/wp\/v2\/media?parent=518"}],"wp:term":[{"taxonomy":"product_brand","embeddable":true,"href":"https:\/\/reidastelhas.com.br\/loja\/wp-json\/wp\/v2\/product_brand?post=518"},{"taxonomy":"product_cat","embeddable":true,"href":"https:\/\/reidastelhas.com.br\/loja\/wp-json\/wp\/v2\/product_cat?post=518"},{"taxonomy":"product_tag","embeddable":true,"href":"https:\/\/reidastelhas.com.br\/loja\/wp-json\/wp\/v2\/product_tag?post=518"}],"curies":[{"name":"wp","href":"https:\/\/api.w.org\/{rel}","templated":true}]}}