{"id":519,"date":"2025-10-31T17:13:59","date_gmt":"2025-10-31T20:13:59","guid":{"rendered":"https:\/\/reidastelhas.com.br\/loja\/?post_type=product&#038;p=519"},"modified":"2025-11-05T19:56:40","modified_gmt":"2025-11-05T22:56:40","slug":"telha-germanica-natural","status":"publish","type":"product","link":"https:\/\/reidastelhas.com.br\/loja\/produto\/telha-germanica-natural\/","title":{"rendered":"Telha Germ\u00e2nica Natural"},"content":{"rendered":"<p>As telhas germ\u00e2nicas se destacam pelo seu design diferenciado e agrad\u00e1vel para a cobertura de telhados. Inspiradas na arquitetura alem\u00e3, as telhas germ\u00e2nicas trazem charme e autenticidade para sua constru\u00e7\u00e3o.<\/p>\n","protected":false},"excerpt":{"rendered":"<p><strong>Rendimento de 40 pe\u00e7as por m<sup>2<\/sup>.<\/strong><\/p>\n","protected":false},"featured_media":522,"template":"","meta":{"_joinchat":[]},"product_brand":[108],"product_cat":[53,49],"product_tag":[106,105,107],"class_list":{"0":"post-519","1":"product","2":"type-product","3":"status-publish","4":"has-post-thumbnail","6":"product_brand-fischer","7":"product_cat-telha-natural","8":"product_cat-telhas","9":"product_tag-telha-de-barro-germanica","10":"product_tag-telha-germanica-natural","11":"product_tag-telha-modelo-germanica","13":"first","14":"instock","15":"shipping-taxable","16":"purchasable","17":"product-type-variable"},"_links":{"self":[{"href":"https:\/\/reidastelhas.com.br\/loja\/wp-json\/wp\/v2\/product\/519","targetHints":{"allow":["GET"]}}],"collection":[{"href":"https:\/\/reidastelhas.com.br\/loja\/wp-json\/wp\/v2\/product"}],"about":[{"href":"https:\/\/reidastelhas.com.br\/loja\/wp-json\/wp\/v2\/types\/product"}],"wp:featuredmedia":[{"embeddable":true,"href":"https:\/\/reidastelhas.com.br\/loja\/wp-json\/wp\/v2\/media\/522"}],"wp:attachment":[{"href":"https:\/\/reidastelhas.com.br\/loja\/wp-json\/wp\/v2\/media?parent=519"}],"wp:term":[{"taxonomy":"product_brand","embeddable":true,"href":"https:\/\/reidastelhas.com.br\/loja\/wp-json\/wp\/v2\/product_brand?post=519"},{"taxonomy":"product_cat","embeddable":true,"href":"https:\/\/reidastelhas.com.br\/loja\/wp-json\/wp\/v2\/product_cat?post=519"},{"taxonomy":"product_tag","embeddable":true,"href":"https:\/\/reidastelhas.com.br\/loja\/wp-json\/wp\/v2\/product_tag?post=519"}],"curies":[{"name":"wp","href":"https:\/\/api.w.org\/{rel}","templated":true}]}}