{"id":542,"date":"2025-11-03T16:18:36","date_gmt":"2025-11-03T19:18:36","guid":{"rendered":"https:\/\/reidastelhas.com.br\/loja\/?post_type=product&#038;p=542"},"modified":"2025-11-11T10:51:51","modified_gmt":"2025-11-11T13:51:51","slug":"telha-americana-esmaltada","status":"publish","type":"product","link":"https:\/\/reidastelhas.com.br\/loja\/produto\/telha-americana-esmaltada\/","title":{"rendered":"Telha Americana Esmaltada"},"content":{"rendered":"<p>A telha americana esmaltada Tettogres possui alta qualidade. Um acabamento esmaltado que confere brilho e visual mais sofisticado.<br \/>\nO esmalte ajuda a proteger contra descolora\u00e7\u00e3o, lascamentos e efeitos de climas mais agressivos.\u00a0 A superf\u00edcie esmaltada acumula menos sujeira que as telhas n\u00e3o esmaltadas, facilitando a limpeza e manuten\u00e7\u00e3o do seu aspecto.<\/p>\n<p>\u00c9 ideal para projetos residenciais e comerciais que buscam um visual moderno e elegante, com a confiabilidade de uma marca reconhecida no mercado.<\/p>\n","protected":false},"excerpt":{"rendered":"<p><strong>Rendimento de 11,8 pe\u00e7as por m\u00b2<\/strong><br \/>\n<strong>Inclina\u00e7\u00e3o m\u00ednima recomendada 35%<br \/>\n-Dispon\u00edvel esmaltada em 1 face ou 2 faces<\/strong><\/p>\n","protected":false},"featured_media":558,"template":"","meta":{"_joinchat":[]},"product_brand":[109],"product_cat":[52,49],"product_tag":[126,116,118,119,120,121,122,123,124,117,125],"class_list":{"0":"post-542","1":"product","2":"type-product","3":"status-publish","4":"has-post-thumbnail","6":"product_brand-tettogres","7":"product_cat-telha-esmaltada","8":"product_cat-telhas","9":"product_tag-cobertura-ceramica-premium","10":"product_tag-telha-americana-esmaltada","11":"product_tag-telha-americana-esmaltada-branca","12":"product_tag-telha-americana-esmaltada-caramelo","13":"product_tag-telha-americana-esmaltada-cinza","14":"product_tag-telha-americana-esmaltada-grafite","15":"product_tag-telha-americana-esmaltada-marfim","16":"product_tag-telha-americana-esmaltada-marfim-mesclada","17":"product_tag-telha-americana-esmaltada-pinhao","18":"product_tag-telha-americana-tettogres","19":"product_tag-telha-de-alto-brilho","21":"first","22":"instock","23":"featured","24":"shipping-taxable","25":"purchasable","26":"product-type-variable"},"_links":{"self":[{"href":"https:\/\/reidastelhas.com.br\/loja\/wp-json\/wp\/v2\/product\/542","targetHints":{"allow":["GET"]}}],"collection":[{"href":"https:\/\/reidastelhas.com.br\/loja\/wp-json\/wp\/v2\/product"}],"about":[{"href":"https:\/\/reidastelhas.com.br\/loja\/wp-json\/wp\/v2\/types\/product"}],"wp:featuredmedia":[{"embeddable":true,"href":"https:\/\/reidastelhas.com.br\/loja\/wp-json\/wp\/v2\/media\/558"}],"wp:attachment":[{"href":"https:\/\/reidastelhas.com.br\/loja\/wp-json\/wp\/v2\/media?parent=542"}],"wp:term":[{"taxonomy":"product_brand","embeddable":true,"href":"https:\/\/reidastelhas.com.br\/loja\/wp-json\/wp\/v2\/product_brand?post=542"},{"taxonomy":"product_cat","embeddable":true,"href":"https:\/\/reidastelhas.com.br\/loja\/wp-json\/wp\/v2\/product_cat?post=542"},{"taxonomy":"product_tag","embeddable":true,"href":"https:\/\/reidastelhas.com.br\/loja\/wp-json\/wp\/v2\/product_tag?post=542"}],"curies":[{"name":"wp","href":"https:\/\/api.w.org\/{rel}","templated":true}]}}