{"id":560,"date":"2025-11-04T11:03:45","date_gmt":"2025-11-04T14:03:45","guid":{"rendered":"https:\/\/reidastelhas.com.br\/loja\/?post_type=product&#038;p=560"},"modified":"2025-11-11T11:45:54","modified_gmt":"2025-11-11T14:45:54","slug":"telha-tettolit-esmaltada","status":"publish","type":"product","link":"https:\/\/reidastelhas.com.br\/loja\/produto\/telha-tettolit-esmaltada\/","title":{"rendered":"Telha Tettolit Esmaltada"},"content":{"rendered":"<p>A \u00fanica op\u00e7\u00e3o do mercado para cobertura com baixa inclina\u00e7\u00e3o que dispensa fixa\u00e7\u00e3o. Possui acabamento esmaltado que oferece resist\u00eancia, menor absor\u00e7\u00e3o, acabamento limpo e menor manuten\u00e7\u00e3o.<br \/>\n&#8211; Dispensa fixa\u00e7\u00e3o;<br \/>\n&#8211; Baixo custo\/m\u00b2;<br \/>\n&#8211; Dispensa o uso da manta t\u00e9rmica;<br \/>\n&#8211; Praticidade na Instala\u00e7\u00e3o;<br \/>\n&#8211; Conforto T\u00e9rmico;<br \/>\n&#8211; Conforto Ac\u00fastico;<\/p>\n","protected":false},"excerpt":{"rendered":"<p><strong>Inclina\u00e7\u00e3o m\u00ednima de 10%<\/strong><br \/>\n<strong>Rendimento de 7,8 por m\u00b2<\/strong><br \/>\n<strong>-Dispon\u00edvel esmaltada em 1 face ou 2 faces<\/strong><\/p>\n","protected":false},"featured_media":571,"template":"","meta":{"_joinchat":[]},"product_brand":[109],"product_cat":[52,49],"product_tag":[130,129,131,132,133,128,134,135,136],"class_list":{"0":"post-560","1":"product","2":"type-product","3":"status-publish","4":"has-post-thumbnail","6":"product_brand-tettogres","7":"product_cat-telha-esmaltada","8":"product_cat-telhas","9":"product_tag-telha-para-baixa-inclinacao","10":"product_tag-telha-tettogres-tettolit","11":"product_tag-telha-tettolit-branca","12":"product_tag-telha-tettolit-caramelo","13":"product_tag-telha-tettolit-cinza","14":"product_tag-telha-tettolit-esmaltada","15":"product_tag-telha-tettolit-grafite","16":"product_tag-telha-tettolit-palha","17":"product_tag-telha-tettolit-pinhao","19":"first","20":"instock","21":"featured","22":"shipping-taxable","23":"purchasable","24":"product-type-variable"},"_links":{"self":[{"href":"https:\/\/reidastelhas.com.br\/loja\/wp-json\/wp\/v2\/product\/560","targetHints":{"allow":["GET"]}}],"collection":[{"href":"https:\/\/reidastelhas.com.br\/loja\/wp-json\/wp\/v2\/product"}],"about":[{"href":"https:\/\/reidastelhas.com.br\/loja\/wp-json\/wp\/v2\/types\/product"}],"wp:featuredmedia":[{"embeddable":true,"href":"https:\/\/reidastelhas.com.br\/loja\/wp-json\/wp\/v2\/media\/571"}],"wp:attachment":[{"href":"https:\/\/reidastelhas.com.br\/loja\/wp-json\/wp\/v2\/media?parent=560"}],"wp:term":[{"taxonomy":"product_brand","embeddable":true,"href":"https:\/\/reidastelhas.com.br\/loja\/wp-json\/wp\/v2\/product_brand?post=560"},{"taxonomy":"product_cat","embeddable":true,"href":"https:\/\/reidastelhas.com.br\/loja\/wp-json\/wp\/v2\/product_cat?post=560"},{"taxonomy":"product_tag","embeddable":true,"href":"https:\/\/reidastelhas.com.br\/loja\/wp-json\/wp\/v2\/product_tag?post=560"}],"curies":[{"name":"wp","href":"https:\/\/api.w.org\/{rel}","templated":true}]}}