{"id":647,"date":"2025-11-04T16:16:40","date_gmt":"2025-11-04T19:16:40","guid":{"rendered":"https:\/\/reidastelhas.com.br\/loja\/?post_type=product&#038;p=647"},"modified":"2025-11-05T19:55:50","modified_gmt":"2025-11-05T22:55:50","slug":"telha-plana","status":"publish","type":"product","link":"https:\/\/reidastelhas.com.br\/loja\/produto\/telha-plana\/","title":{"rendered":"Telha Plana"},"content":{"rendered":"<p>Modernidade com requinte estilo contempor\u00e2neo, design Europeu e diversas cores.<\/p>\n","protected":false},"excerpt":{"rendered":"<p><strong>Inclina\u00e7\u00e3o m\u00ednima de 50%<\/strong><br \/>\n<strong>Rendimento de 10,4 telhas por m\u00b2<\/strong><\/p>\n","protected":false},"featured_media":648,"template":"","meta":{"_joinchat":[]},"product_brand":[137],"product_cat":[54,49],"product_tag":[146,147,145],"class_list":{"0":"post-647","1":"product","2":"type-product","3":"status-publish","4":"has-post-thumbnail","6":"product_brand-corabras","7":"product_cat-telha-concreto","8":"product_cat-telhas","9":"product_tag-telha-de-concreto","10":"product_tag-telha-de-concreto-plana","11":"product_tag-telha-plana-corabras","13":"first","14":"instock","15":"shipping-taxable","16":"purchasable","17":"product-type-variable"},"_links":{"self":[{"href":"https:\/\/reidastelhas.com.br\/loja\/wp-json\/wp\/v2\/product\/647","targetHints":{"allow":["GET"]}}],"collection":[{"href":"https:\/\/reidastelhas.com.br\/loja\/wp-json\/wp\/v2\/product"}],"about":[{"href":"https:\/\/reidastelhas.com.br\/loja\/wp-json\/wp\/v2\/types\/product"}],"wp:featuredmedia":[{"embeddable":true,"href":"https:\/\/reidastelhas.com.br\/loja\/wp-json\/wp\/v2\/media\/648"}],"wp:attachment":[{"href":"https:\/\/reidastelhas.com.br\/loja\/wp-json\/wp\/v2\/media?parent=647"}],"wp:term":[{"taxonomy":"product_brand","embeddable":true,"href":"https:\/\/reidastelhas.com.br\/loja\/wp-json\/wp\/v2\/product_brand?post=647"},{"taxonomy":"product_cat","embeddable":true,"href":"https:\/\/reidastelhas.com.br\/loja\/wp-json\/wp\/v2\/product_cat?post=647"},{"taxonomy":"product_tag","embeddable":true,"href":"https:\/\/reidastelhas.com.br\/loja\/wp-json\/wp\/v2\/product_tag?post=647"}],"curies":[{"name":"wp","href":"https:\/\/api.w.org\/{rel}","templated":true}]}}