{"id":669,"date":"2025-11-04T16:52:15","date_gmt":"2025-11-04T19:52:15","guid":{"rendered":"https:\/\/reidastelhas.com.br\/loja\/?post_type=product&#038;p=669"},"modified":"2025-11-05T19:55:38","modified_gmt":"2025-11-05T22:55:38","slug":"telha-maritima","status":"publish","type":"product","link":"https:\/\/reidastelhas.com.br\/loja\/produto\/telha-maritima\/","title":{"rendered":"Telha Mar\u00edtima"},"content":{"rendered":"<p>Sin\u00f4nimo de modernidade, beleza e sutileza. Design moderno e diversas cores<\/p>\n","protected":false},"excerpt":{"rendered":"<p><strong>Inclina\u00e7\u00e3o m\u00ednima 30%\u00a0<\/strong><br \/>\n<strong>Rendimento de 10,4 por m\u00b2<\/strong><\/p>\n","protected":false},"featured_media":675,"template":"","meta":{"_joinchat":[]},"product_brand":[137],"product_cat":[54,49],"product_tag":[155,149,148,150,152,154,153,151],"class_list":{"0":"post-669","1":"product","2":"type-product","3":"status-publish","4":"has-post-thumbnail","6":"product_brand-corabras","7":"product_cat-telha-concreto","8":"product_cat-telhas","9":"product_tag-telha-de-concreto-maritima","10":"product_tag-telha-maritima-cinza","11":"product_tag-telha-maritima-corabras","12":"product_tag-telha-maritima-grafite","13":"product_tag-telha-maritima-marrom","14":"product_tag-telha-maritima-mostarda","15":"product_tag-telha-maritima-ocre","16":"product_tag-telha-maritima-vermelha","18":"first","19":"instock","20":"shipping-taxable","21":"purchasable","22":"product-type-variable"},"_links":{"self":[{"href":"https:\/\/reidastelhas.com.br\/loja\/wp-json\/wp\/v2\/product\/669","targetHints":{"allow":["GET"]}}],"collection":[{"href":"https:\/\/reidastelhas.com.br\/loja\/wp-json\/wp\/v2\/product"}],"about":[{"href":"https:\/\/reidastelhas.com.br\/loja\/wp-json\/wp\/v2\/types\/product"}],"wp:featuredmedia":[{"embeddable":true,"href":"https:\/\/reidastelhas.com.br\/loja\/wp-json\/wp\/v2\/media\/675"}],"wp:attachment":[{"href":"https:\/\/reidastelhas.com.br\/loja\/wp-json\/wp\/v2\/media?parent=669"}],"wp:term":[{"taxonomy":"product_brand","embeddable":true,"href":"https:\/\/reidastelhas.com.br\/loja\/wp-json\/wp\/v2\/product_brand?post=669"},{"taxonomy":"product_cat","embeddable":true,"href":"https:\/\/reidastelhas.com.br\/loja\/wp-json\/wp\/v2\/product_cat?post=669"},{"taxonomy":"product_tag","embeddable":true,"href":"https:\/\/reidastelhas.com.br\/loja\/wp-json\/wp\/v2\/product_tag?post=669"}],"curies":[{"name":"wp","href":"https:\/\/api.w.org\/{rel}","templated":true}]}}