{"id":683,"date":"2025-11-05T11:02:31","date_gmt":"2025-11-05T14:02:31","guid":{"rendered":"https:\/\/reidastelhas.com.br\/loja\/?post_type=product&#038;p=683"},"modified":"2025-11-05T19:55:18","modified_gmt":"2025-11-05T22:55:18","slug":"telha-coppo-venetto","status":"publish","type":"product","link":"https:\/\/reidastelhas.com.br\/loja\/produto\/telha-coppo-venetto\/","title":{"rendered":"Telha Coppo Venetto"},"content":{"rendered":"<p>Resist\u00eancia e qualidade.<br \/>\nTradi\u00e7\u00e3o em cobertura com encaixes perfeitos e cores diversas<\/p>\n","protected":false},"excerpt":{"rendered":"<p><strong>Inclina\u00e7\u00e3o m\u00ednima 30%<\/strong><br \/>\n<strong>Rendimento de 10,4 telhas por m\u00b2<\/strong><\/p>\n","protected":false},"featured_media":689,"template":"","meta":{"_joinchat":[]},"product_brand":[137],"product_cat":[54,49],"product_tag":[160,156,162,159,158,161,157],"class_list":{"0":"post-683","1":"product","2":"type-product","3":"status-publish","4":"has-post-thumbnail","6":"product_brand-corabras","7":"product_cat-telha-concreto","8":"product_cat-telhas","9":"product_tag-telha-de-concreto-cinza","10":"product_tag-telha-de-concreto-coppo-venetto","11":"product_tag-telha-de-concreto-grafite","12":"product_tag-telha-de-concreto-marrom","13":"product_tag-telha-de-concreto-mostarda","14":"product_tag-telha-de-concreto-ocre","15":"product_tag-telha-de-concreto-vermelha","17":"first","18":"instock","19":"shipping-taxable","20":"purchasable","21":"product-type-variable"},"_links":{"self":[{"href":"https:\/\/reidastelhas.com.br\/loja\/wp-json\/wp\/v2\/product\/683","targetHints":{"allow":["GET"]}}],"collection":[{"href":"https:\/\/reidastelhas.com.br\/loja\/wp-json\/wp\/v2\/product"}],"about":[{"href":"https:\/\/reidastelhas.com.br\/loja\/wp-json\/wp\/v2\/types\/product"}],"wp:featuredmedia":[{"embeddable":true,"href":"https:\/\/reidastelhas.com.br\/loja\/wp-json\/wp\/v2\/media\/689"}],"wp:attachment":[{"href":"https:\/\/reidastelhas.com.br\/loja\/wp-json\/wp\/v2\/media?parent=683"}],"wp:term":[{"taxonomy":"product_brand","embeddable":true,"href":"https:\/\/reidastelhas.com.br\/loja\/wp-json\/wp\/v2\/product_brand?post=683"},{"taxonomy":"product_cat","embeddable":true,"href":"https:\/\/reidastelhas.com.br\/loja\/wp-json\/wp\/v2\/product_cat?post=683"},{"taxonomy":"product_tag","embeddable":true,"href":"https:\/\/reidastelhas.com.br\/loja\/wp-json\/wp\/v2\/product_tag?post=683"}],"curies":[{"name":"wp","href":"https:\/\/api.w.org\/{rel}","templated":true}]}}