{"id":771,"date":"2025-11-07T15:38:57","date_gmt":"2025-11-07T18:38:57","guid":{"rendered":"https:\/\/reidastelhas.com.br\/loja\/?post_type=product&#038;p=771"},"modified":"2025-11-10T15:44:46","modified_gmt":"2025-11-10T18:44:46","slug":"telha-colonial","status":"publish","type":"product","link":"https:\/\/reidastelhas.com.br\/loja\/produto\/telha-colonial\/","title":{"rendered":"Telha Colonial"},"content":{"rendered":"<p>As <b>telhas de PVC<\/b>\u00a0apresentam um \u00edndice baixo de expans\u00e3o t\u00e9rmica, permitindo que suas caracter\u00edsticas n\u00e3o sofram altera\u00e7\u00e3o sob pequenas ou altas temperaturas. Agregando alto valor ao produto e aumentando seu leque de aplicabilidade em diferentes estruturas.<\/p>\n<p>Devido ao material da sua composi\u00e7\u00e3o, as\u00a0<b>telhas de PVC<\/b> s\u00e3o leves e proporcionam um f\u00e1cil manuseio.<\/p>\n<p><strong>As telhas coloniais <\/strong>s\u00e3o muito utilizadas em projetos residenciais, comerciais e industriais.<\/p>\n","protected":false},"excerpt":{"rendered":"<p><strong>Inclina\u00e7\u00e3o m\u00ednima de 15%<\/strong><\/p>\n<p><strong>Dispon\u00edvel no comprimento:<\/strong><\/p>\n<ul>\n<li>2,30 m<\/li>\n<li>2,62 m<\/li>\n<li>3,28 m<\/li>\n<li>3,94 m<\/li>\n<li>4,59 m<\/li>\n<li>5,25 m<\/li>\n<\/ul>\n","protected":false},"featured_media":855,"template":"","meta":{"_joinchat":[]},"product_brand":[182],"product_cat":[50,49],"product_tag":[194,181,180,195,197,196],"class_list":{"0":"post-771","1":"product","2":"type-product","3":"status-publish","4":"has-post-thumbnail","6":"product_brand-fibrarte-lux-telhas","7":"product_cat-telha-de-pvc","8":"product_cat-telhas","9":"product_tag-telha-colonial-caramelo","10":"product_tag-telha-colonial-pvc","11":"product_tag-telha-de-pvc","12":"product_tag-telha-de-pvc-caramelo","13":"product_tag-telha-de-pvc-cinza","14":"product_tag-telha-de-pvc-marfim","16":"first","17":"instock","18":"shipping-taxable","19":"purchasable","20":"product-type-variable"},"_links":{"self":[{"href":"https:\/\/reidastelhas.com.br\/loja\/wp-json\/wp\/v2\/product\/771","targetHints":{"allow":["GET"]}}],"collection":[{"href":"https:\/\/reidastelhas.com.br\/loja\/wp-json\/wp\/v2\/product"}],"about":[{"href":"https:\/\/reidastelhas.com.br\/loja\/wp-json\/wp\/v2\/types\/product"}],"wp:featuredmedia":[{"embeddable":true,"href":"https:\/\/reidastelhas.com.br\/loja\/wp-json\/wp\/v2\/media\/855"}],"wp:attachment":[{"href":"https:\/\/reidastelhas.com.br\/loja\/wp-json\/wp\/v2\/media?parent=771"}],"wp:term":[{"taxonomy":"product_brand","embeddable":true,"href":"https:\/\/reidastelhas.com.br\/loja\/wp-json\/wp\/v2\/product_brand?post=771"},{"taxonomy":"product_cat","embeddable":true,"href":"https:\/\/reidastelhas.com.br\/loja\/wp-json\/wp\/v2\/product_cat?post=771"},{"taxonomy":"product_tag","embeddable":true,"href":"https:\/\/reidastelhas.com.br\/loja\/wp-json\/wp\/v2\/product_tag?post=771"}],"curies":[{"name":"wp","href":"https:\/\/api.w.org\/{rel}","templated":true}]}}