{"id":846,"date":"2025-11-07T10:23:07","date_gmt":"2025-11-07T13:23:07","guid":{"rendered":"https:\/\/reidastelhas.com.br\/loja\/?post_type=product&#038;p=846"},"modified":"2025-11-11T11:46:18","modified_gmt":"2025-11-11T14:46:18","slug":"telha-ondulada","status":"publish","type":"product","link":"https:\/\/reidastelhas.com.br\/loja\/produto\/telha-ondulada\/","title":{"rendered":"Telha Ondulada 6mm"},"content":{"rendered":"<p><strong>As telhas de fibrocimento da marca Eternit<\/strong> s\u00e3o vers\u00e1teis, adequadas para todos os tipos de constru\u00e7\u00e3o.<\/p>\n<p>A <strong>Telha Ondulada<\/strong> \u00e9 ideal para constru\u00e7\u00f5es \u00e1geis e pr\u00e1ticas. Com montagem simplificada e oferece variedade de pe\u00e7as complementares.<\/p>\n<ul>\n<li>Grande versatilidade para coberturas e fechamentos laterais em obras.<\/li>\n<li>Eficiente em obras de diversos portes<\/li>\n<li>Econ\u00f4mica, resistente e dur\u00e1vel<\/li>\n<\/ul>\n","protected":false},"excerpt":{"rendered":"<p><strong>Inclina\u00e7\u00e3o M\u00ednima de 9%<br \/>\nEspessura: 6mm<br \/>\nVariedade de tamanhos dispon\u00edveis<br \/>\n<\/strong><\/p>\n<p>&nbsp;<\/p>\n","protected":false},"featured_media":852,"template":"","meta":{"_joinchat":[]},"product_brand":[188],"product_cat":[56,49],"product_tag":[189,190,191,193,192],"class_list":{"0":"post-846","1":"product","2":"type-product","3":"status-publish","4":"has-post-thumbnail","6":"product_brand-eternit","7":"product_cat-telha-fibrocimento","8":"product_cat-telhas","9":"product_tag-eternit","10":"product_tag-telha-de-fibrocimento","11":"product_tag-telha-ondulada","12":"product_tag-telha-ondulada-de-fibrocimento","13":"product_tag-telha-ondulada-eternit","15":"first","16":"instock","17":"shipping-taxable","18":"purchasable","19":"product-type-variable"},"_links":{"self":[{"href":"https:\/\/reidastelhas.com.br\/loja\/wp-json\/wp\/v2\/product\/846","targetHints":{"allow":["GET"]}}],"collection":[{"href":"https:\/\/reidastelhas.com.br\/loja\/wp-json\/wp\/v2\/product"}],"about":[{"href":"https:\/\/reidastelhas.com.br\/loja\/wp-json\/wp\/v2\/types\/product"}],"wp:featuredmedia":[{"embeddable":true,"href":"https:\/\/reidastelhas.com.br\/loja\/wp-json\/wp\/v2\/media\/852"}],"wp:attachment":[{"href":"https:\/\/reidastelhas.com.br\/loja\/wp-json\/wp\/v2\/media?parent=846"}],"wp:term":[{"taxonomy":"product_brand","embeddable":true,"href":"https:\/\/reidastelhas.com.br\/loja\/wp-json\/wp\/v2\/product_brand?post=846"},{"taxonomy":"product_cat","embeddable":true,"href":"https:\/\/reidastelhas.com.br\/loja\/wp-json\/wp\/v2\/product_cat?post=846"},{"taxonomy":"product_tag","embeddable":true,"href":"https:\/\/reidastelhas.com.br\/loja\/wp-json\/wp\/v2\/product_tag?post=846"}],"curies":[{"name":"wp","href":"https:\/\/api.w.org\/{rel}","templated":true}]}}