{"id":909,"date":"2025-11-10T10:24:37","date_gmt":"2025-11-10T13:24:37","guid":{"rendered":"https:\/\/reidastelhas.com.br\/loja\/?post_type=product&#038;p=909"},"modified":"2025-11-10T10:24:37","modified_gmt":"2025-11-10T13:24:37","slug":"telha-aluzinco-trapezoidal-043","status":"publish","type":"product","link":"https:\/\/reidastelhas.com.br\/loja\/produto\/telha-aluzinco-trapezoidal-043\/","title":{"rendered":"Telha Aluzinco Trapezoidal\u00a00,43"},"content":{"rendered":"<p>A telha aluzinco trapezoidal \u00e9 uma op\u00e7\u00e3o dur\u00e1vel, resistente \u00e0 corros\u00e3o e esteticamente atraente para coberturas em projetos de constru\u00e7\u00e3o. Sua combina\u00e7\u00e3o de zinco e alum\u00ednio proporciona prote\u00e7\u00e3o contra intemp\u00e9ries, enquanto o formato trapezoidal confere rigidez e efici\u00eancia\u00a0estrutural.<\/p>\n","protected":false},"excerpt":{"rendered":"<p><strong>Inclina\u00e7\u00e3o m\u00ednima 10%<\/strong><br \/>\n<strong>Largura \u00fatil: 0,98 cm <\/strong><br \/>\n<strong>Comprimento: sob medida<\/strong><\/p>\n","protected":false},"featured_media":911,"template":"","meta":{"_joinchat":[]},"product_brand":[209],"product_cat":[55,49],"product_tag":[211,210],"class_list":{"0":"post-909","1":"product","2":"type-product","3":"status-publish","4":"has-post-thumbnail","6":"product_brand-lopafer","7":"product_cat-telha-aluzinco","8":"product_cat-telhas","9":"product_tag-telhas-metalicas","10":"product_tag-telhas-trapezio","12":"first","13":"instock","14":"shipping-taxable","15":"purchasable","16":"product-type-simple"},"_links":{"self":[{"href":"https:\/\/reidastelhas.com.br\/loja\/wp-json\/wp\/v2\/product\/909","targetHints":{"allow":["GET"]}}],"collection":[{"href":"https:\/\/reidastelhas.com.br\/loja\/wp-json\/wp\/v2\/product"}],"about":[{"href":"https:\/\/reidastelhas.com.br\/loja\/wp-json\/wp\/v2\/types\/product"}],"wp:featuredmedia":[{"embeddable":true,"href":"https:\/\/reidastelhas.com.br\/loja\/wp-json\/wp\/v2\/media\/911"}],"wp:attachment":[{"href":"https:\/\/reidastelhas.com.br\/loja\/wp-json\/wp\/v2\/media?parent=909"}],"wp:term":[{"taxonomy":"product_brand","embeddable":true,"href":"https:\/\/reidastelhas.com.br\/loja\/wp-json\/wp\/v2\/product_brand?post=909"},{"taxonomy":"product_cat","embeddable":true,"href":"https:\/\/reidastelhas.com.br\/loja\/wp-json\/wp\/v2\/product_cat?post=909"},{"taxonomy":"product_tag","embeddable":true,"href":"https:\/\/reidastelhas.com.br\/loja\/wp-json\/wp\/v2\/product_tag?post=909"}],"curies":[{"name":"wp","href":"https:\/\/api.w.org\/{rel}","templated":true}]}}