{"id":971,"date":"2025-11-12T14:25:06","date_gmt":"2025-11-12T17:25:06","guid":{"rendered":"https:\/\/reidastelhas.com.br\/loja\/?post_type=product&#038;p=971"},"modified":"2025-11-12T14:40:25","modified_gmt":"2025-11-12T17:40:25","slug":"telha-indure-terracota","status":"publish","type":"product","link":"https:\/\/reidastelhas.com.br\/loja\/produto\/telha-indure-terracota\/","title":{"rendered":"Telha Indure Terracota"},"content":{"rendered":"<p>Feita de polietileno, uma mat\u00e9ria-prima resistente e dur\u00e1vel, ela combina inova\u00e7\u00e3o, durabilidade e responsabilidade em um \u00fanico produto. Al\u00e9m disso, oferece resist\u00eancia, garante isolamento ac\u00fastico e \u00e9 respons\u00e1vel com o meio ambiente.<\/p>\n<p><strong>Diferenciais das telhas\u00a0Indure: <\/strong><\/p>\n<ul>\n<li class=\"fz-30 fz-sm-36 fz-md-40 fz-xl-47 fw-500 cor-1 mg-b-45\"><strong>A liga de polietilenos da Indure apresenta excelente capacidade de absor\u00e7\u00e3o de impactos. Dessa forma, a perda por quedas ou por erros na instala\u00e7\u00e3o \u00e9 ZERO.<\/strong><\/li>\n<li class=\"fz-30 fz-sm-36 fz-md-40 fz-xl-47 fw-500 cor-1 mg-b-45\"><strong>A resist\u00eancia a intemp\u00e9ries, corros\u00e3o e deteriora\u00e7\u00e3o fazem da Indure a op\u00e7\u00e3o perfeita para quem busca uma telha com grande vida \u00fatil.<\/strong><\/li>\n<li><strong>As telhas Indure destacam-se por sua leveza em compara\u00e7\u00e3o com as telhas fabricadas em cer\u00e2mica ou fibrocimento. Essa caracter\u00edstica n\u00e3o apenas alivia o peso sobre a estrutura, mas tamb\u00e9m assegura a facilidade no manuseio, transporte e instala\u00e7\u00e3o.<\/strong><\/li>\n<\/ul>\n","protected":false},"excerpt":{"rendered":"<p><strong>Inclina\u00e7\u00e3o m\u00ednima 10%<\/strong><\/p>\n","protected":false},"featured_media":1092,"template":"","meta":{"_joinchat":[]},"product_brand":[171],"product_cat":[51,49],"product_tag":[179,175,177],"class_list":{"0":"post-971","1":"product","2":"type-product","3":"status-publish","4":"has-post-thumbnail","6":"product_brand-plastlife","7":"product_cat-telha-ecologica","8":"product_cat-telhas","9":"product_tag-telha-ecologica-ondulada-vermelha","10":"product_tag-telha-ecologica-terracota","11":"product_tag-telha-indure-terracota","13":"first","14":"instock","15":"shipping-taxable","16":"purchasable","17":"product-type-variable"},"_links":{"self":[{"href":"https:\/\/reidastelhas.com.br\/loja\/wp-json\/wp\/v2\/product\/971","targetHints":{"allow":["GET"]}}],"collection":[{"href":"https:\/\/reidastelhas.com.br\/loja\/wp-json\/wp\/v2\/product"}],"about":[{"href":"https:\/\/reidastelhas.com.br\/loja\/wp-json\/wp\/v2\/types\/product"}],"wp:featuredmedia":[{"embeddable":true,"href":"https:\/\/reidastelhas.com.br\/loja\/wp-json\/wp\/v2\/media\/1092"}],"wp:attachment":[{"href":"https:\/\/reidastelhas.com.br\/loja\/wp-json\/wp\/v2\/media?parent=971"}],"wp:term":[{"taxonomy":"product_brand","embeddable":true,"href":"https:\/\/reidastelhas.com.br\/loja\/wp-json\/wp\/v2\/product_brand?post=971"},{"taxonomy":"product_cat","embeddable":true,"href":"https:\/\/reidastelhas.com.br\/loja\/wp-json\/wp\/v2\/product_cat?post=971"},{"taxonomy":"product_tag","embeddable":true,"href":"https:\/\/reidastelhas.com.br\/loja\/wp-json\/wp\/v2\/product_tag?post=971"}],"curies":[{"name":"wp","href":"https:\/\/api.w.org\/{rel}","templated":true}]}}