{"id":986,"date":"2025-11-11T11:06:59","date_gmt":"2025-11-11T14:06:59","guid":{"rendered":"https:\/\/reidastelhas.com.br\/loja\/?post_type=product&#038;p=986"},"modified":"2025-11-11T16:21:31","modified_gmt":"2025-11-11T19:21:31","slug":"tijolo-parede-a-vista-10-furos","status":"publish","type":"product","link":"https:\/\/reidastelhas.com.br\/loja\/produto\/tijolo-parede-a-vista-10-furos\/","title":{"rendered":"Tijolo Parede A vista 10 furos"},"content":{"rendered":"<p data-start=\"102\" data-end=\"281\">Esse tipo de tijolo \u00e9 utilizado tanto em casas quanto em barrac\u00f5es (galp\u00f5es ou edifica\u00e7\u00f5es industriais), e tem como principais caracter\u00edsticas:<\/p>\n<ul data-start=\"283\" data-end=\"717\">\n<li data-start=\"283\" data-end=\"369\">\n<p data-start=\"285\" data-end=\"369\"><strong data-start=\"285\" data-end=\"319\">Praticidade e f\u00e1cil manuten\u00e7\u00e3o<\/strong> \u2014 dispensa revestimentos como reboco e pintura.<\/p>\n<\/li>\n<li data-start=\"370\" data-end=\"434\">\n<p data-start=\"372\" data-end=\"434\"><strong data-start=\"372\" data-end=\"393\">Alta durabilidade<\/strong> \u2014 \u00e9 resistente ao tempo e ao desgaste.<\/p>\n<\/li>\n<li data-start=\"435\" data-end=\"526\">\n<p data-start=\"437\" data-end=\"526\"><strong data-start=\"437\" data-end=\"461\">Variedade de modelos<\/strong> \u2014 h\u00e1 vers\u00f5es maci\u00e7as, furadas, de diferentes cores e texturas.<\/p>\n<\/li>\n<li data-start=\"527\" data-end=\"612\">\n<p data-start=\"529\" data-end=\"612\"><strong data-start=\"529\" data-end=\"562\">Desempenho t\u00e9rmico e ac\u00fastico<\/strong> \u2014 ajuda a manter o conforto dentro do ambiente.<\/p>\n<\/li>\n<li data-start=\"613\" data-end=\"717\">\n<p data-start=\"615\" data-end=\"717\"><strong data-start=\"615\" data-end=\"633\">Valor est\u00e9tico<\/strong> \u2014 proporciona um visual r\u00fastico, moderno ou contempor\u00e2neo, dependendo do projeto.<\/p>\n<\/li>\n<\/ul>\n<p data-start=\"719\" data-end=\"873\"><strong data-start=\"722\" data-end=\"736\">Em resumo:<\/strong> o material descrito \u00e9 o <strong data-start=\"761\" data-end=\"780\">tijolo aparente<\/strong>, amplamente usado em constru\u00e7\u00f5es que buscam unir <strong data-start=\"830\" data-end=\"870\">beleza, funcionalidade e resist\u00eancia<\/strong>.<\/p>\n","protected":false},"excerpt":{"rendered":"<p><strong>Medida: 5,5 x 11,5 x 24<\/strong><br \/>\n<strong>Rendimento: em torno de 65 a 70 pe\u00e7as por m\u00b2<\/strong><\/p>\n","protected":false},"featured_media":987,"template":"","meta":{"_joinchat":[]},"product_brand":[213],"product_cat":[60,58],"product_tag":[],"class_list":{"0":"post-986","1":"product","2":"type-product","3":"status-publish","4":"has-post-thumbnail","6":"product_brand-almeida","7":"product_cat-tijolo-parede-a-vista","8":"product_cat-tijolos","10":"first","11":"instock","12":"featured","13":"shipping-taxable","14":"purchasable","15":"product-type-variable"},"_links":{"self":[{"href":"https:\/\/reidastelhas.com.br\/loja\/wp-json\/wp\/v2\/product\/986","targetHints":{"allow":["GET"]}}],"collection":[{"href":"https:\/\/reidastelhas.com.br\/loja\/wp-json\/wp\/v2\/product"}],"about":[{"href":"https:\/\/reidastelhas.com.br\/loja\/wp-json\/wp\/v2\/types\/product"}],"wp:featuredmedia":[{"embeddable":true,"href":"https:\/\/reidastelhas.com.br\/loja\/wp-json\/wp\/v2\/media\/987"}],"wp:attachment":[{"href":"https:\/\/reidastelhas.com.br\/loja\/wp-json\/wp\/v2\/media?parent=986"}],"wp:term":[{"taxonomy":"product_brand","embeddable":true,"href":"https:\/\/reidastelhas.com.br\/loja\/wp-json\/wp\/v2\/product_brand?post=986"},{"taxonomy":"product_cat","embeddable":true,"href":"https:\/\/reidastelhas.com.br\/loja\/wp-json\/wp\/v2\/product_cat?post=986"},{"taxonomy":"product_tag","embeddable":true,"href":"https:\/\/reidastelhas.com.br\/loja\/wp-json\/wp\/v2\/product_tag?post=986"}],"curies":[{"name":"wp","href":"https:\/\/api.w.org\/{rel}","templated":true}]}}